{"id":974,"date":"2023-05-23T19:57:47","date_gmt":"2023-05-23T17:57:47","guid":{"rendered":"https:\/\/juditneddermann.com\/shop\/?page_id=974"},"modified":"2023-05-23T20:31:38","modified_gmt":"2023-05-23T18:31:38","slug":"politica-de-privacitat","status":"publish","type":"page","link":"https:\/\/juditneddermann.com\/shop\/politica-de-privacitat\/","title":{"rendered":"Pol\u00edtica de privacitat"},"content":{"rendered":"\n<div style=\"height:70px\" aria-hidden=\"true\" class=\"wp-block-spacer\"><\/div>\n\n\n\n<h1 class=\"wp-block-heading\">Pol\u00edtica de privacitat<\/h1>\n\n\n\n<p>Aquesta \u00e9s la pol\u00edtica de protecci\u00f3 de dades de <strong>Judit Neddermann Vinaixa<\/strong>. Fa refer\u00e8ncia a les dades de persones f\u00edsiques amb les que es relaciona en l\u2019exercici de les seves compet\u00e8ncies i funcions. El tractament s\u2019efectua complint el Reglament General de Protecci\u00f3 de Dades (en endavant RGDP) 2016\/679 del Parlament Europeu i del Consell, de 27 d&#8217;abril de 2016) i la Llei org\u00e0nica 3\/2018, de 5 de de desembre, de protecci\u00f3 de dades personals i garantia dels drets digitals (en endavant LOPD-GDD) i la normativa que es derivi.<\/p>\n\n\n\n<h2 class=\"wp-block-heading\">Responsable del tractament<\/h2>\n\n\n\n<p>El responsable del tractament de les dades personals \u00e9s <strong>Judit Neddermann Vinaixa<\/strong> que es pot contactar a &#x63;&#97;t&#x61;&#108;i&#x6e;&#97;&#64;&#x61;&#115;d&#x65;&#103;u&#x69;&#x61;&#46;&#x63;&#x61;&#116;<\/p>\n\n\n\n<h2 class=\"wp-block-heading\">Delegat de protecci\u00f3 de dades<\/h2>\n\n\n\n<p><strong>Judit Neddermann Vinaixa<\/strong> no&nbsp; requereix&nbsp; delegat\/da de protecci\u00f3 de dades.<\/p>\n\n\n\n<h2 class=\"wp-block-heading\">Tractament de les dades, finalitats i legitimaci\u00f3&nbsp;<\/h2>\n\n\n\n<p>A la web de <strong>Judit Neddermann Vinaixa<\/strong> fem els seg\u00fcents tractament de dades personals. Per cada tractament que fem, a continuaci\u00f3 expliquem la seva finalitat i la base legal que ens permet fer-lo.<\/p>\n\n\n\n<ul class=\"wp-block-list\">\n<li>Gesti\u00f3 de consultes de la web<\/li>\n<\/ul>\n\n\n\n<p>La finalitat d\u2019aquest tractament \u00e9s gestionar les dades de contacte per respondre les consultes rebudes via formulari o correu electr\u00f2nic a l\u2019ag\u00e8ncia de management. La base jur\u00eddica per fer el tractament \u00e9s el consentiment&nbsp; segons l\u2019article 6.1.a del RGPD.<\/p>\n\n\n\n<ul class=\"wp-block-list\">\n<li>Gesti\u00f3 del butllet\u00ed<\/li>\n<\/ul>\n\n\n\n<p>La finalitat d\u2019aquest tractament \u00e9s gestionar les dades de contacte enviar el butllet\u00ed amb informaci\u00f3 i publicitat de la Judit. La base jur\u00eddica per fer el tractament \u00e9s el consentiment segons l\u2019article 6.1.a del RGPD.<\/p>\n\n\n\n<ul class=\"wp-block-list\">\n<li>Gesti\u00f3 de les comandes de la botiga on-line<\/li>\n<\/ul>\n\n\n\n<p>La finalitat d\u2019aquest tractament \u00e9s gestionar les dades de contacte, localitzaci\u00f3 i finances per a gestionar les compres que fan els interessats a la botiga on-line. La base jur\u00eddica per fer el tractament \u00e9s l\u2019execuci\u00f3 d\u2019un contracte segons l\u2019article 6.1.c del RGPD.<\/p>\n\n\n\n<ul class=\"wp-block-list\">\n<li>Gesti\u00f3 de l\u2019exercici de drets<\/li>\n<\/ul>\n\n\n\n<p>La finalitat d\u2019aquest tractament \u00e9s gestionar l\u2019exercici dels drets dels interessats.&nbsp; La base jur\u00eddica per fer el tractament \u00e9s el compliment de l\u2019obligaci\u00f3 legal de respondre, segons l\u2019article 6.c del RGPD<\/p>\n\n\n\n<p>No es tracten dades de categoria especial.<\/p>\n\n\n\n<h2 class=\"wp-block-heading\">Conservaci\u00f3 de les dades personals<\/h2>\n\n\n\n<p>Les dades personals es conservaran mentre duri la relaci\u00f3 professional i durant el termini m\u00ednim previst per la normativa vigent (per exemple davant reclamacions, per temes fiscals i comptables o la prevenci\u00f3 de blanqueig de capitals).<\/p>\n\n\n\n<h2 class=\"wp-block-heading\">Informaci\u00f3 a l\u2019interessat<\/h2>\n\n\n\n<p>En cas de ser necessari el consentiment de l&#8217;interessat per al tractament de dades, aquest ser\u00e0 recaptat de manera expl\u00edcita, precisa i inequ\u00edvoca, mitjan\u00e7ant una clara acci\u00f3 informativa, tenint dret l&#8217;interessat a retirar el seu consentiment en qualsevol moment. La retirada del consentiment no afectar\u00e0 la licitud del tractament basada en el consentiment previ a la seva retirada.&nbsp;<\/p>\n\n\n\n<p>En qualsevol cas, en el moment en que es demanen les dades, l&#8217;interessat\/da ser\u00e0 informat de l&#8217;activitat de tractament per a la qual es recullen les seves dades, mitjan\u00e7ant una informaci\u00f3 b\u00e0sica i resumida.<\/p>\n\n\n\n<h2 class=\"wp-block-heading\">Destinataris o categories de destinataris de les dades.<\/h2>\n\n\n\n<p>Les dades recollides directament per <strong>Judit Neddermann Vinaixa<\/strong> no est\u00e0 previst cedir-les a tercers.&nbsp;<\/p>\n\n\n\n<p>Utilitza encarregats amb la categoria de prove\u00efdors de tecnologia i l\u2019ag\u00e8ncia de management per a facilitar la contractaci\u00f3 i la gesti\u00f3 de les consultes que tingueu.<\/p>\n\n\n\n<p>Per a la Gesti\u00f3 de la venda d\u2019entrades, s\u2019ofereix un enlla\u00e7 a la web del teatre o organitzador que ha contractat l&#8217;espectacle.<\/p>\n\n\n\n<p>La infraestructura tecnol\u00f2gica associada a la web s\u2019ha estructurat de la seg\u00fcent forma.&nbsp;<\/p>\n\n\n\n<ul class=\"wp-block-list\">\n<li>La web est\u00e0 hostatjada en el prove\u00efdor CD MON, www.cdmon.com\/es\/, i els servidors estan a la Uni\u00f3 Europea<\/li>\n\n\n\n<li>El correu i el formulari d\u2019inscripci\u00f3 al butllet\u00ed es gestiona a trav\u00e9s de google, que t\u00e9 servidors en tot el m\u00f3n. Els servidors que estan fora la Uni\u00f3 Europa utilitzen cl\u00e0usules contractuals tipus previstes en el RGDP.<a href=\"https:\/\/privacy.google.com\/intl\/es\/businesses\/compliance\/\" target=\"_blank\" rel=\"noreferrer noopener\"> https:\/\/privacy.google.com\/intl\/es\/businesses\/compliance\/<\/a><\/li>\n<\/ul>\n\n\n\n<h2 class=\"wp-block-heading\">Transfer\u00e8ncia de dades a un tercer pa\u00eds o a una organitzaci\u00f3 internacional i la base per fer-ho, si escau.<\/h2>\n\n\n\n<p>Com a Responsable, no es realitzen transfer\u00e8ncies internacionals de dades, per\u00f2 els encarregats i els prove\u00efdors de la infraestructura poden fer transfer\u00e8ncies internacionals de dades per\u00f2 amb seguretat equivalent segons el RGPD.<\/p>\n\n\n\n<h2 class=\"wp-block-heading\">Drets<\/h2>\n\n\n\n<p>Els drets d\u2019un usuari\/a de la web s\u00f3n els seg\u00fcents:<\/p>\n\n\n\n<ul class=\"wp-block-list\">\n<li>Qualsevol persona t\u00e9 dret a obtenir confirmaci\u00f3 sobre si&nbsp; <strong>Judit Neddermann Vinaixa<\/strong> est\u00e0 tractant dades personals que l\u2019incumbeix, o no.&nbsp;<\/li>\n\n\n\n<li>Les persones interessades tenen dret a accedir a les seves dades personals, aix\u00ed com a sol\u00b7licitar la rectificaci\u00f3 de les dades inexactes o, si escau, sol\u00b7licitar-ne la supressi\u00f3, entre altres motius, quan les dades ja no siguin necess\u00e0ries per a les finalitats per a les quals es van recollir.&nbsp;<\/li>\n\n\n\n<li>En determinades circumst\u00e0ncies previstes a l&#8217;article 18 del RGPD, els interessats poden sol\u00b7licitar la limitaci\u00f3 del tractament de les seves dades. En aquest cas, \u00fanicament les conservarem per exercir o defensar reclamacions.&nbsp;<\/li>\n\n\n\n<li>En virtut del dret a la portabilitat, els interessats tenen dret a obtenir les seves dades personals en un format estructurat d&#8217;\u00fas com\u00fa i lectura mec\u00e0nica i a transmetre&#8217;ls a un altre responsable.&nbsp;<\/li>\n\n\n\n<li>Tamb\u00e9 dret a retirar el consentiment en qualsevol moment<\/li>\n\n\n\n<li>Si la comunicaci\u00f3 de dades \u00e9s un requisit legal o contractual o un requisit necessari per subscriure un contracte, i si l\u2019interessat est\u00e0 obligat a facilitar les dades i les conseq\u00fc\u00e8ncies de no facilitar-les.<\/li>\n<\/ul>\n\n\n\n<h2 class=\"wp-block-heading\">Com podeu exercir els drets?&nbsp;<\/h2>\n\n\n\n<p>Mitjan\u00e7ant un correu electr\u00f2nic a <a href=\"m&#97;&#x69;&#x6c;t&#111;&#x3a;&#x63;a&#116;&#97;&#x6c;&#x69;n&#97;&#x40;&#x61;s&#100;&#x65;&#x67;u&#105;&#97;&#x2e;&#x63;a&#116;\">c&#97;&#116;&#x61;&#x6c;&#x69;na&#64;&#97;&#x73;&#x64;&#x65;g&#117;&#105;&#97;&#x2e;&#x63;&#x61;t<\/a> on es detalli la consulta, el nom i cognoms de l\u2019interessat.&nbsp;<\/p>\n\n\n\n<h2 class=\"wp-block-heading\">Quines vies de reclamaci\u00f3 hi ha?&nbsp;<\/h2>\n\n\n\n<p>Si considereu que els vostres drets no s\u2019han at\u00e8s adequadament, teniu dret a presentar una reclamaci\u00f3 davant l\u2019Agencia Espanyola de Protecci\u00f3 de Dades, AEPD, <a href=\"http:\/\/www.aepd.es\" target=\"_blank\" rel=\"noreferrer noopener\">www.aepd.es<\/a>, o l\u2019Ag\u00e8ncia Catalana de Protecci\u00f3 de Dades, <a href=\"https:\/\/apdcat.gencat.cat\/\">https:\/\/apdcat.gencat.cat\/<\/a><\/p>\n","protected":false},"excerpt":{"rendered":"<p>Pol\u00edtica de privacitat Aquesta \u00e9s la pol\u00edtica de protecci\u00f3 de dades de Judit Neddermann Vinaixa. Fa refer\u00e8ncia a les dades de persones f\u00edsiques amb les que es relaciona en l\u2019exercici de les seves compet\u00e8ncies i funcions. El tractament s\u2019efectua complint el Reglament General de Protecci\u00f3 de Dades (en endavant RGDP) 2016\/679 del Parlament Europeu i [&hellip;]<\/p>\n","protected":false},"author":1,"featured_media":0,"parent":0,"menu_order":0,"comment_status":"closed","ping_status":"closed","template":"","meta":{"_genesis_hide_title":true,"_genesis_hide_breadcrumbs":false,"_genesis_hide_singular_image":false,"_genesis_hide_footer_widgets":false,"_genesis_custom_body_class":"","_genesis_custom_post_class":"","_genesis_layout":"","footnotes":""},"class_list":{"0":"post-974","1":"page","2":"type-page","3":"status-publish","5":"entry"},"featured_image_src":null,"featured_image_src_square":null,"_links":{"self":[{"href":"https:\/\/juditneddermann.com\/shop\/wp-json\/wp\/v2\/pages\/974","targetHints":{"allow":["GET"]}}],"collection":[{"href":"https:\/\/juditneddermann.com\/shop\/wp-json\/wp\/v2\/pages"}],"about":[{"href":"https:\/\/juditneddermann.com\/shop\/wp-json\/wp\/v2\/types\/page"}],"author":[{"embeddable":true,"href":"https:\/\/juditneddermann.com\/shop\/wp-json\/wp\/v2\/users\/1"}],"replies":[{"embeddable":true,"href":"https:\/\/juditneddermann.com\/shop\/wp-json\/wp\/v2\/comments?post=974"}],"version-history":[{"count":2,"href":"https:\/\/juditneddermann.com\/shop\/wp-json\/wp\/v2\/pages\/974\/revisions"}],"predecessor-version":[{"id":978,"href":"https:\/\/juditneddermann.com\/shop\/wp-json\/wp\/v2\/pages\/974\/revisions\/978"}],"wp:attachment":[{"href":"https:\/\/juditneddermann.com\/shop\/wp-json\/wp\/v2\/media?parent=974"}],"curies":[{"name":"wp","href":"https:\/\/api.w.org\/{rel}","templated":true}]}}