{"id":956,"date":"2023-05-23T19:33:17","date_gmt":"2023-05-23T17:33:17","guid":{"rendered":"https:\/\/juditneddermann.com\/shop\/?page_id=956"},"modified":"2023-05-23T20:33:49","modified_gmt":"2023-05-23T18:33:49","slug":"politica-de-cookies","status":"publish","type":"page","link":"https:\/\/juditneddermann.com\/shop\/politica-de-cookies\/","title":{"rendered":"Pol\u00edtica de cookies"},"content":{"rendered":"\n<div style=\"height:70px\" aria-hidden=\"true\" class=\"wp-block-spacer\"><\/div>\n\n\n\n<h1 class=\"wp-block-heading\">Pol\u00edtica de cookies<\/h1>\n\n\n\n<p>Aquesta web utilitza galetes&nbsp;i\/o&nbsp;tecnologies similars que emmagatzemen i recuperen informaci\u00f3 quan navegues per ella. En general aquestes tecnologies poden servir per a finalitats molt diverses, com, per exemple, identificar els usuaris de la web, obtenir informaci\u00f3 sobre els h\u00e0bits de navegaci\u00f3 o personalitzar la forma en qu\u00e8 es mostra el contingut.<br><br>Mitjan\u00e7ant l&#8217;acc\u00e9s i \u00fas del web, acceptes que Judit&nbsp;Neddermann&nbsp;Vinaixa pot fer servir les galetes pr\u00f2pies i de tercers, de sessi\u00f3 i permanents, amb finalitats diferents. A continuaci\u00f3, t&#8217;expliquem els usos concrets que fem d&#8217;aquestes tecnologies a la web.<\/p>\n\n\n\n<p><strong>Tipus de galetes <\/strong>(tamb\u00e9 conegudes com a cookies)<\/p>\n\n\n\n<p>Hi ha diferents tipus de galetes que poden realitzar una o m\u00e9s funcions. A continuaci\u00f3 es presenta una llista dels principals tipus que es poden trobar.&nbsp;<\/p>\n\n\n\n<ul class=\"wp-block-list\">\n<li><strong>T\u00e8cniques.&nbsp;<\/strong><\/li>\n<\/ul>\n\n\n\n<p>Permeten al \u2018usuari la navegaci\u00f3 a trav\u00e9s d\u2019una p\u00e0gina web, plataforma o aplicaci\u00f3 i la utilitzaci\u00f3 de les diferents opcions o serveis que existeixin, inclosos aquells que l\u2019editor utilitza per a permetre gesti\u00f3 operativa de la p\u00e0gina web i habilitar les seves funcions i serveis, com, per exemple, controlar el tr\u00e0fic i la comunicaci\u00f3 de dades, identificar la sessi\u00f3&#8230;.<\/p>\n\n\n\n<ul class=\"wp-block-list\">\n<li><strong>De prefer\u00e8ncia o personalitzaci\u00f3<\/strong><\/li>\n<\/ul>\n\n\n\n<p>Permeten recordar informaci\u00f3 per a que l\u2019usuari accedeixi al servei amb determinades caracter\u00edstiques que puguin diferenciar la seva experi\u00e8ncia de la resta d\u2019altres usuaris.&nbsp;<\/p>\n\n\n\n<ul class=\"wp-block-list\">\n<li><strong>D\u2019an\u00e0lisis o mesura<\/strong><\/li>\n<\/ul>\n\n\n\n<p>Son aquelles que tractades per nosaltres o tercers, permeten quantificar el n\u00famero d\u2019usuaris i aix\u00ed realitzar la mesura i an\u00e0lisis estad\u00edstic de l\u2019\u00fas que en fan els usuaris dels serveis oferts. Per aquest motiu s\u2019analitza la seva navegaci\u00f3 a la p\u00e0gina web amb la finalitat de millorar l\u2019oferta de productes o serveis que li oferim.&nbsp;<\/p>\n\n\n\n<ul class=\"wp-block-list\">\n<li><strong>De publicitat del comportament<\/strong><\/li>\n<\/ul>\n\n\n\n<p>Guarden informaci\u00f3 del comportament dels usuaris obtinguda a trav\u00e9s de l\u2019observaci\u00f3 continuada dels seus h\u00e0bits de navegaci\u00f3, el que permet desenvolupar un perfil espec\u00edfic per mostrar publicitat a trav\u00e9s d\u2019aquest.<\/p>\n\n\n\n<p><strong>Les galetes en aquesta web<\/strong><\/p>\n\n\n\n<p>Les galetes s\u00f3n arxius que els llocs web&nbsp; o les aplicacions instal\u00b7len en el teu navegador o&nbsp; dispositiu (smarphone, table, televisi\u00f3 connectada,&#8230;) durant el seu recorregut per les p\u00e0gines del lloc, i serveixen per emmagatzemar&nbsp;informaci\u00f3 sobre la teva visita.&nbsp;<\/p>\n\n\n\n<p>Nom\u00e9s utilitzen galetes t\u00e8cniques o de sessi\u00f3&nbsp;<\/p>\n\n\n\n<figure class=\"wp-block-table\"><table><tbody><tr><td><strong>Nom de la cookie<\/strong><\/td><td><strong>Qui gestiona la cookie<\/strong><\/td><td><strong>Finalitats<\/strong><\/td><td><strong>Descripci\u00f3<\/strong><\/td><td><strong>Duraci\u00f3<\/strong><\/td><\/tr><tr><td>_jn_nua_session<\/td><td>Pr\u00f2pia<\/td><td>Sessi\u00f3<\/td><td>permeten al lloc que esteu visitant mantenir un seguiment del vostre moviment d&#8217;una a una altra p\u00e0gina, de manera que no us demanar\u00e0 la informaci\u00f3 que ja heu donat anteriorment.<\/td><td>sessi\u00f3<\/td><\/tr><tr><td>wp-wpml_<\/td><td>WordPress<\/td><td>Sessi\u00f3<\/td><td>per desar les opcions de llenguatge<\/td><td>sessi\u00f3<\/td><\/tr><\/tbody><\/table><\/figure>\n\n\n\n<p><strong>Configuraci\u00f3 de les galetes<\/strong><\/p>\n\n\n\n<p>Pots configurar el teu navegador per acceptar o rebutjar per defecte totes les <em>galetes<\/em>, o per rebre un av\u00eds en pantalla de la recepci\u00f3 de cada <em>galeta<\/em> i decidir-ne, en aquest moment, la seva implantaci\u00f3.<\/p>\n\n\n\n<p>Si ho desitges, es pot deixar d\u2019acceptar les galetes del navegador. Tots els navegadors actuals permeten canviar la configuraci\u00f3 de les galetes. Aquests ajustaments normalment es troben en les opcions o prefer\u00e8ncies del men\u00fa del navegador.<\/p>\n\n\n\n<p>Els procediments per al bloqueig i eliminaci\u00f3 de les <em>galetes<\/em> poden diferir d\u2019un navegador d\u2019internet a un altre, per la qual cosa l\u2019usuari haur\u00e0 de consultar les instruccions facilitades pel navegador d\u2019internet, com les que es detallen a continuaci\u00f3:<\/p>\n\n\n\n<ul class=\"wp-block-list\">\n<li><a href=\"http:\/\/windows.microsoft.com\/es-es\/windows-vista\/block-or-allow-cookies\" target=\"_blank\" rel=\"noreferrer noopener\">Configuraci\u00f3 de <em>cookies<\/em> d\u2019Internet Explorer<\/a><\/li>\n\n\n\n<li><a href=\"https:\/\/support.mozilla.org\/es\/kb\/habilitar-y-deshabilitar-cookies-que-los-sitios-we\" target=\"_blank\" rel=\"noreferrer noopener\">Configuraci\u00f3 de <em>cookies<\/em> de Firefox<\/a><\/li>\n\n\n\n<li><a href=\"https:\/\/support.google.com\/chrome\/bin\/answer.py?hl=es&amp;answer=95647\" target=\"_blank\" rel=\"noreferrer noopener\">Configuraci\u00f3 de <em>cookies<\/em> de Google Chrome<\/a><\/li>\n\n\n\n<li><a href=\"http:\/\/support.apple.com\/kb\/HT1677?viewlocale=es_ES&amp;locale=es_ES\" target=\"_blank\" rel=\"noreferrer noopener\">Configuraci\u00f3 de <em>cookies<\/em> de Safari<\/a><\/li>\n<\/ul>\n\n\n\n<p>Aquests navegadors estan sotmesos a actualitzacions o modificacions, de manera que no podem garantir que s\u2019ajustin completament a la versi\u00f3 del teu navegador.<\/p>\n\n\n\n<p><strong>Deshabilitar les galetes<\/strong><\/p>\n\n\n\n<p>Has de ser conscient que, en cas que desitgis rebutjar la utilitzaci\u00f3 de galetes, pots tenir limitat l&#8217;\u00fas d&#8217;algunes prestacions del web o el comportament de la web pot ser diferent. \u00c9s probable que si es deshabilita l&#8217;\u00fas de les galetes, el web no et deixi accedir a totes les zones del mateix o es degradi la teva experi\u00e8ncia de navegaci\u00f3.<\/p>\n\n\n\n<p><strong>Actualitzaci\u00f3 de la Pol\u00edtica de Cookies<\/strong><\/p>\n\n\n\n<p>Judit&nbsp;Neddermann&nbsp;Vinaixa pot modificar aquesta pol\u00edtica de cookies en funci\u00f3 de les exig\u00e8ncies legislatives, normatives o amb la finalitat d&#8217;adaptar aquesta pol\u00edtica a les instruccions que pugui publicar els organismes reguladors com l\u2019Ag\u00e8ncia Espanyola de Protecci\u00f3 de Dades.&nbsp;<\/p>\n\n\n\n<p>Per aquest motiu es recomana la consulta peri\u00f2dica d\u2019aquesta pol\u00edtica.<\/p>\n\n\n\n<p><strong>Perfils<\/strong><\/p>\n\n\n\n<p>En aquesta web no es realitzen perfils dels usuaris que la visiteu<\/p>\n\n\n\n<p><strong>Transfer\u00e8ncia a pa\u00efsos tercers<\/strong><\/p>\n\n\n\n<p>Els prove\u00efdors tecnol\u00f2gics de suport a la web poden fer transfer\u00e8ncies a tercers pa\u00efsos.&nbsp;&nbsp;<\/p>\n\n\n\n<p>Pots informar-te de les transfer\u00e8ncies a tercers pa\u00efsos que, si s&#8217;escau, realitzen els tercers identificats en aquesta pol\u00edtica de cookies en les seves corresponents pol\u00edtiques:&nbsp;<\/p>\n\n\n\n<ul class=\"wp-block-list\">\n<li>Google: <a href=\"https:\/\/policies.google.com\/technologies\/cookies?hl=es\" target=\"_blank\" rel=\"noreferrer noopener\">https:\/\/policies.google.com\/technologies\/cookies?hl=es<\/a><\/li>\n<\/ul>\n\n\n\n<p><strong>Si tens m\u00e9s dubtes<\/strong><\/p>\n\n\n\n<p>Per a qualsevol q\u00fcesti\u00f3 addicional relacionada amb l\u2019\u00fas de <em>les galetes<\/em>, pots enviar la teva petici\u00f3 mitjan\u00e7ant un correu electr\u00f2nic a, indicant en la cap\u00e7alera \u201cconsulta respecte la pol\u00edtica de galetes\u201d a cat&#97;&#108;&#105;&#110;&#x61;&#x40;&#x61;&#x73;&#x64;&#x65;&#x67;uia&#46;&#99;&#97;&#116;<\/p>\n","protected":false},"excerpt":{"rendered":"<p>Pol\u00edtica de cookies Aquesta web utilitza galetes&nbsp;i\/o&nbsp;tecnologies similars que emmagatzemen i recuperen informaci\u00f3 quan navegues per ella. En general aquestes tecnologies poden servir per a finalitats molt diverses, com, per exemple, identificar els usuaris de la web, obtenir informaci\u00f3 sobre els h\u00e0bits de navegaci\u00f3 o personalitzar la forma en qu\u00e8 es mostra el contingut. Mitjan\u00e7ant [&hellip;]<\/p>\n","protected":false},"author":1,"featured_media":0,"parent":0,"menu_order":0,"comment_status":"closed","ping_status":"closed","template":"","meta":{"_genesis_hide_title":true,"_genesis_hide_breadcrumbs":false,"_genesis_hide_singular_image":false,"_genesis_hide_footer_widgets":false,"_genesis_custom_body_class":"","_genesis_custom_post_class":"","_genesis_layout":"","footnotes":""},"class_list":{"0":"post-956","1":"page","2":"type-page","3":"status-publish","5":"entry"},"featured_image_src":null,"featured_image_src_square":null,"_links":{"self":[{"href":"https:\/\/juditneddermann.com\/shop\/wp-json\/wp\/v2\/pages\/956","targetHints":{"allow":["GET"]}}],"collection":[{"href":"https:\/\/juditneddermann.com\/shop\/wp-json\/wp\/v2\/pages"}],"about":[{"href":"https:\/\/juditneddermann.com\/shop\/wp-json\/wp\/v2\/types\/page"}],"author":[{"embeddable":true,"href":"https:\/\/juditneddermann.com\/shop\/wp-json\/wp\/v2\/users\/1"}],"replies":[{"embeddable":true,"href":"https:\/\/juditneddermann.com\/shop\/wp-json\/wp\/v2\/comments?post=956"}],"version-history":[{"count":3,"href":"https:\/\/juditneddermann.com\/shop\/wp-json\/wp\/v2\/pages\/956\/revisions"}],"predecessor-version":[{"id":968,"href":"https:\/\/juditneddermann.com\/shop\/wp-json\/wp\/v2\/pages\/956\/revisions\/968"}],"wp:attachment":[{"href":"https:\/\/juditneddermann.com\/shop\/wp-json\/wp\/v2\/media?parent=956"}],"curies":[{"name":"wp","href":"https:\/\/api.w.org\/{rel}","templated":true}]}}