{"id":946,"date":"2023-05-23T19:01:09","date_gmt":"2023-05-23T17:01:09","guid":{"rendered":"https:\/\/juditneddermann.com\/shop\/?page_id=946"},"modified":"2023-05-23T20:32:48","modified_gmt":"2023-05-23T18:32:48","slug":"avis-legal","status":"publish","type":"page","link":"https:\/\/juditneddermann.com\/shop\/avis-legal\/","title":{"rendered":"Av\u00eds legal"},"content":{"rendered":"\n<div style=\"height:70px\" aria-hidden=\"true\" class=\"wp-block-spacer\"><\/div>\n\n\n\n<h1 class=\"wp-block-heading\">Av\u00eds legal<\/h1>\n\n\n\n<p>En compliment del que preveu la Llei 34\/2002, d&#8217;11 de juliol, de Serveis de la Societat de la Informaci\u00f3 i de Comer\u00e7 Electr\u00f2nic (coneguda com LSSI), aix\u00ed com altres normes que tenen una aplicaci\u00f3 legal, t\u2019expliquem com a usuari d\u2019aquesta web la informaci\u00f3 seg\u00fcent.<\/p>\n\n\n\n<p>La p\u00e0gina web http:\/\/www.juditneddermann.com\/, es gestionada per Judit Neddermann Vinaixa, que exerceix les funcions de titular del web i prestadora dels serveis de la societat de la informaci\u00f3, en endavant Responsable legal.&nbsp;&nbsp;<\/p>\n\n\n\n<p>Judit Neddermann Vinaixa est\u00e0 domiciliada a Vilassar de Mar, amb NIF 38882315X. Si voleu contactar amb la Judit, ho podeu fer a &#99;&#x61;&#116;&#x61;&#108;&#x69;n&#x61;&#64;&#97;&#x73;&#100;&#x65;&#103;&#x75;i&#x61;&#46;&#99;&#x61;&#116;<\/p>\n\n\n\n<p>En aquest moment no est\u00e0 adherida a cap codi de conducta.<\/p>\n\n\n\n<p>El fet d\u2019accedir i participar en aquesta p\u00e0gina implica que coneixes i acceptes la seva pol\u00edtica de privacitat (link)<\/p>\n\n\n\n<h2 class=\"wp-block-heading\">Acceptaci\u00f3 de les condicions d\u2019\u00fas<\/h2>\n\n\n\n<p>L&#8217;\u00fas del web www.juditneddermann.com implica que tu, com a usuari, coneixes i acceptes els advertiments legals i les condicions vigents en cada moment que hi accedeixes, que ara t\u2019expliquem.&nbsp;<\/p>\n\n\n\n<p>L\u2019\u00fas d\u2019alguns serveis concrets que aquesta web posa a disposici\u00f3 dels usuaris pot estar sotmesa a condicions, advertiments o instruccions especials, que tamb\u00e9 haur\u00e0s de consultar i acceptar sense reserves.<\/p>\n\n\n\n<p><strong>Gratu\u00eftat de l\u2019acc\u00e9s<\/strong><\/p>\n\n\n\n<p>La utilitzaci\u00f3 del lloc oficial www.juditneddermann.com <strong>&nbsp;<\/strong>t\u00e9 car\u00e0cter gratu\u00eft. No obstant aix\u00f2, en el cas que s\u2019ofereixi algun servei en el web que requereixi realitzar una contractaci\u00f3 pr\u00e8via, aquest pot estar condicionat al pagament d&#8217;un preu, actualment o en el futur, cosa que s&#8217;indicar\u00e0 convenientment.<\/p>\n\n\n\n<p><strong>Propietat intel\u00b7lectual i modificacions per part d\u2019usuaris<\/strong><\/p>\n\n\n\n<p>Aquesta p\u00e0gina web es troba protegida per les lleis de propietat intel\u00b7lectual i industrial (d\u2019ara endavant, \u201cels Drets\u201d), aix\u00ed com que aquests Drets s\u00f3n v\u00e0lids i estan protegits en tots els mitjans existents en l\u2019actualitat o que es desenvolupin en un futur.&nbsp;<\/p>\n\n\n\n<p>Tu, com a usuari, acceptes que l\u2019\u00fas del contingut est\u00e0 subjecte i es regeix per aquestes normes, a m\u00e9s a m\u00e9s pels drets, aix\u00ed com per les lleis de la propietat privada aplicables en la legislaci\u00f3 vigent.<\/p>\n\n\n\n<p>Amb car\u00e0cter general, no es permet als usuaris la modificaci\u00f3 de les p\u00e0gines que constitueixen el lloc web www.juditneddermann.com ni dels seus continguts.<\/p>\n\n\n\n<p><strong>Responsabilitat dels continguts<\/strong><\/p>\n\n\n\n<p>La Responsable legal es reserva el dret de modificar les p\u00e0gines i continguts del seu lloc web, aix\u00ed com les condicions d&#8217;\u00fas, i a publicar-ho en aquest mateix lloc web sense av\u00eds previ.<\/p>\n\n\n\n<p><strong>Restriccions d\u2019acc\u00e9s i \u00fas<\/strong><\/p>\n\n\n\n<p>La utilitzaci\u00f3 del lloc oficial de la Responsable legal haur\u00e0 d&#8217;obeir al contingut d&#8217;aquestes condicions generals i de qualsevol de les disposicions legals aplicables.<\/p>\n\n\n\n<p>La Responsable legal es reserva el dret unilateral de denegar l&#8217;acc\u00e9s a aquest lloc web als usuaris que incompleixin aquestes condicions d&#8217;\u00fas i privacitat.<\/p>\n\n\n\n<h2 class=\"wp-block-heading\">Pol\u00edtica d\u2019enlla\u00e7os i exempcions de responsabilitat<\/h2>\n\n\n\n<p>Com a Responsable legal de la web declaro que:<\/p>\n\n\n\n<ul class=\"wp-block-list\">\n<li>No ens fem responsables del contingut de les p\u00e0gines web a les quals puguis accedir com a usuari a trav\u00e9s dels enlla\u00e7os establerts al web. En cap cas examinarem ni exercitarem cap mena de control sobre el contingut d&#8217;altres p\u00e0gines de la xarxa.&nbsp;<\/li>\n<\/ul>\n\n\n\n<ul class=\"wp-block-list\">\n<li>No garantim la disponibilitat t\u00e8cnica, exactitud, veracitat, validesa o legalitat de p\u00e0gines alienes a la nostra propietat a les qual es pugui accedir a trav\u00e9s dels enlla\u00e7os.<\/li>\n<\/ul>\n\n\n\n<ul class=\"wp-block-list\">\n<li>Hem adoptat totes les mesures necess\u00e0ries per evitar qualsevol dany que pugui derivar-se de la navegaci\u00f3 per les nostres p\u00e0gines web. Per aquest motiu no ens fem responsables, en cap cas, dels possibles danys que pugui patir un usuari a causa de la navegaci\u00f3 per Internet.<\/li>\n<\/ul>\n\n\n\n<ul class=\"wp-block-list\">\n<li>No ens responsabilitzem dels danys o perjudicis de qualsevol classe produ\u00efts en l&#8217;usuari a causa d&#8217;errors o desconnexions a les xarxes de telecomunicacions que produeixin la suspensi\u00f3, cancel\u00b7laci\u00f3 o interrupci\u00f3 del servei de la web durant la prestaci\u00f3 del mateix o amb car\u00e0cter previ.<\/li>\n<\/ul>\n\n\n\n<ul class=\"wp-block-list\">\n<li>L\u2019acc\u00e9s a la web no implica l\u2019obligaci\u00f3 per part del Responsable de controlar l\u2019abs\u00e8ncia de virus o qualsevol altre element inform\u00e0tic dany\u00f3s. Correspon a l\u2019usuari, en tot cas, la disponibilitat d\u2019eines adequades per a la detecci\u00f3 i desinfecci\u00f3 de programes inform\u00e0tics nocius.<\/li>\n<\/ul>\n\n\n\n<ul class=\"wp-block-list\">\n<li>No ens fem responsables dels danys produ\u00efts en els equips inform\u00e0tics, documents i\/o fitxers dels usuaris o de tercers durant la prestaci\u00f3 del servei al Portal.<\/li>\n<\/ul>\n\n\n\n<h2 class=\"wp-block-heading\">&nbsp;Normativa d\u2019aplicaci\u00f3<\/h2>\n\n\n\n<p>La llei aplicable en cas de conflicte d\u2019interpretaci\u00f3 dels termes que formen part d\u2019aquest av\u00eds legal, aix\u00ed com qualsevol q\u00fcesti\u00f3 relacionada amb els serveis que ofereix aquest portal, ser\u00e0 la llei espanyola.<\/p>\n","protected":false},"excerpt":{"rendered":"<p>Av\u00eds legal En compliment del que preveu la Llei 34\/2002, d&#8217;11 de juliol, de Serveis de la Societat de la Informaci\u00f3 i de Comer\u00e7 Electr\u00f2nic (coneguda com LSSI), aix\u00ed com altres normes que tenen una aplicaci\u00f3 legal, t\u2019expliquem com a usuari d\u2019aquesta web la informaci\u00f3 seg\u00fcent. La p\u00e0gina web http:\/\/www.juditneddermann.com\/, es gestionada per Judit Neddermann [&hellip;]<\/p>\n","protected":false},"author":1,"featured_media":0,"parent":0,"menu_order":0,"comment_status":"closed","ping_status":"closed","template":"","meta":{"_genesis_hide_title":true,"_genesis_hide_breadcrumbs":false,"_genesis_hide_singular_image":false,"_genesis_hide_footer_widgets":false,"_genesis_custom_body_class":"","_genesis_custom_post_class":"","_genesis_layout":"","footnotes":""},"class_list":{"0":"post-946","1":"page","2":"type-page","3":"status-publish","5":"entry"},"featured_image_src":null,"featured_image_src_square":null,"_links":{"self":[{"href":"https:\/\/juditneddermann.com\/shop\/wp-json\/wp\/v2\/pages\/946","targetHints":{"allow":["GET"]}}],"collection":[{"href":"https:\/\/juditneddermann.com\/shop\/wp-json\/wp\/v2\/pages"}],"about":[{"href":"https:\/\/juditneddermann.com\/shop\/wp-json\/wp\/v2\/types\/page"}],"author":[{"embeddable":true,"href":"https:\/\/juditneddermann.com\/shop\/wp-json\/wp\/v2\/users\/1"}],"replies":[{"embeddable":true,"href":"https:\/\/juditneddermann.com\/shop\/wp-json\/wp\/v2\/comments?post=946"}],"version-history":[{"count":2,"href":"https:\/\/juditneddermann.com\/shop\/wp-json\/wp\/v2\/pages\/946\/revisions"}],"predecessor-version":[{"id":948,"href":"https:\/\/juditneddermann.com\/shop\/wp-json\/wp\/v2\/pages\/946\/revisions\/948"}],"wp:attachment":[{"href":"https:\/\/juditneddermann.com\/shop\/wp-json\/wp\/v2\/media?parent=946"}],"curies":[{"name":"wp","href":"https:\/\/api.w.org\/{rel}","templated":true}]}}