{"id":1497,"date":"2025-12-03T14:53:52","date_gmt":"2025-12-03T13:53:52","guid":{"rendered":"https:\/\/juditneddermann.com\/shop\/producte\/vela-cancion-que-me-cura\/"},"modified":"2025-12-03T14:53:52","modified_gmt":"2025-12-03T13:53:52","slug":"vela-cancion-que-me-cura","status":"publish","type":"product","link":"https:\/\/juditneddermann.com\/shop\/es\/producto\/vela-cancion-que-me-cura\/","title":{"rendered":"Vela &#8216;Canci\u00f3n que me cura&#8217;"},"content":{"rendered":"<p>Vela de cera de soja con esencia de eucalipto, naranja, rosa y canela en bol de cer\u00e1mica.<br \/>\nHecha a mano<br \/>\nDuraci\u00f3n: 20 horas aproximadamente<br \/>\nDise\u00f1ada y creada por NANA&#8217;S HYGGE, inspirada en la canci\u00f3n &#8216;Canci\u00f3n que me cura&#8217;<\/p>\n","protected":false},"excerpt":{"rendered":"<p>Vela de cera de soja con esencia de eucalipto, naranja, rosa y canela en bol de cer\u00e1mica. Hecha a mano Duraci\u00f3n: 20 horas aproximadamente Dise\u00f1ada y creada por NANA&#8217;S HYGGE, inspirada en la canci\u00f3n &#8216;Canci\u00f3n que me cura&#8217;<\/p>\n","protected":false},"featured_media":1493,"comment_status":"open","ping_status":"closed","template":"","meta":{"_genesis_hide_title":false,"_genesis_hide_breadcrumbs":false,"_genesis_hide_singular_image":false,"_genesis_hide_footer_widgets":false,"_genesis_custom_body_class":"","_genesis_custom_post_class":"","_genesis_layout":""},"product_brand":[],"product_cat":[46],"product_tag":[],"class_list":{"0":"post-1497","1":"product","2":"type-product","3":"status-publish","4":"has-post-thumbnail","6":"product_cat-sin-categoria","7":"entry","9":"first","10":"instock","11":"taxable","12":"shipping-taxable","13":"purchasable","14":"product-type-simple"},"_links":{"self":[{"href":"https:\/\/juditneddermann.com\/shop\/es\/wp-json\/wp\/v2\/product\/1497","targetHints":{"allow":["GET"]}}],"collection":[{"href":"https:\/\/juditneddermann.com\/shop\/es\/wp-json\/wp\/v2\/product"}],"about":[{"href":"https:\/\/juditneddermann.com\/shop\/es\/wp-json\/wp\/v2\/types\/product"}],"replies":[{"embeddable":true,"href":"https:\/\/juditneddermann.com\/shop\/es\/wp-json\/wp\/v2\/comments?post=1497"}],"wp:featuredmedia":[{"embeddable":true,"href":"https:\/\/juditneddermann.com\/shop\/es\/wp-json\/wp\/v2\/media\/1493"}],"wp:attachment":[{"href":"https:\/\/juditneddermann.com\/shop\/es\/wp-json\/wp\/v2\/media?parent=1497"}],"wp:term":[{"taxonomy":"product_brand","embeddable":true,"href":"https:\/\/juditneddermann.com\/shop\/es\/wp-json\/wp\/v2\/product_brand?post=1497"},{"taxonomy":"product_cat","embeddable":true,"href":"https:\/\/juditneddermann.com\/shop\/es\/wp-json\/wp\/v2\/product_cat?post=1497"},{"taxonomy":"product_tag","embeddable":true,"href":"https:\/\/juditneddermann.com\/shop\/es\/wp-json\/wp\/v2\/product_tag?post=1497"}],"curies":[{"name":"wp","href":"https:\/\/api.w.org\/{rel}","templated":true}]}}