{"id":1343,"date":"2024-11-25T19:13:31","date_gmt":"2024-11-25T18:13:31","guid":{"rendered":"https:\/\/juditneddermann.com\/shop\/?post_type=product&#038;p=1343"},"modified":"2024-11-27T19:28:53","modified_gmt":"2024-11-27T18:28:53","slug":"lp-artean","status":"publish","type":"product","link":"https:\/\/juditneddermann.com\/shop\/es\/producto\/lp-artean\/","title":{"rendered":"LP ARTEAN"},"content":{"rendered":"<p>Artean significa \u2018entre\u2019 i \u2018en l\u2019art\u2019. \u2018Entre\u2019 perqu\u00e8 \u00e9s un pont que va del meu pit cap a Euskal Herria, i \u2018en l\u2019art\u2019 perqu\u00e8 he convidat cinc artistes que m\u2019han regalat les seves veus i talents en cadascuna de les can\u00e7ons. \u00c9s una reuni\u00f3 de dones i una celebraci\u00f3 de les nostres lleng\u00fces, el catal\u00e0 i l\u2019euskera, lleng\u00fces que hem mantingut vives durant tantes generacions tot i haver estat prohibides i perseguides. Res seria possible sense la inestimable traducci\u00f3 i adaptaci\u00f3 que ha fet la meva estimada Olatz Salvador.<\/p>\n","protected":false},"excerpt":{"rendered":"<p>Artean significa \u2018entre\u2019 i \u2018en l\u2019art\u2019. \u2018Entre\u2019 perqu\u00e8 \u00e9s un pont que va del meu pit cap a Euskal Herria, i \u2018en l\u2019art\u2019 perqu\u00e8 he convidat cinc artistes que m\u2019han regalat les seves veus i talents en cadascuna de les can\u00e7ons. \u00c9s una reuni\u00f3 de dones i una celebraci\u00f3 de les nostres lleng\u00fces, el catal\u00e0 [&hellip;]<\/p>\n","protected":false},"featured_media":1347,"comment_status":"open","ping_status":"closed","template":"","meta":{"_genesis_hide_title":false,"_genesis_hide_breadcrumbs":false,"_genesis_hide_singular_image":false,"_genesis_hide_footer_widgets":false,"_genesis_custom_body_class":"","_genesis_custom_post_class":"","_genesis_layout":""},"product_brand":[],"product_cat":[49],"product_tag":[],"class_list":{"0":"post-1343","1":"product","2":"type-product","3":"status-publish","4":"has-post-thumbnail","6":"product_cat-disc-dedicat","7":"entry","9":"first","10":"instock","11":"taxable","12":"shipping-taxable","13":"purchasable","14":"product-type-simple"},"_links":{"self":[{"href":"https:\/\/juditneddermann.com\/shop\/es\/wp-json\/wp\/v2\/product\/1343","targetHints":{"allow":["GET"]}}],"collection":[{"href":"https:\/\/juditneddermann.com\/shop\/es\/wp-json\/wp\/v2\/product"}],"about":[{"href":"https:\/\/juditneddermann.com\/shop\/es\/wp-json\/wp\/v2\/types\/product"}],"replies":[{"embeddable":true,"href":"https:\/\/juditneddermann.com\/shop\/es\/wp-json\/wp\/v2\/comments?post=1343"}],"wp:featuredmedia":[{"embeddable":true,"href":"https:\/\/juditneddermann.com\/shop\/es\/wp-json\/wp\/v2\/media\/1347"}],"wp:attachment":[{"href":"https:\/\/juditneddermann.com\/shop\/es\/wp-json\/wp\/v2\/media?parent=1343"}],"wp:term":[{"taxonomy":"product_brand","embeddable":true,"href":"https:\/\/juditneddermann.com\/shop\/es\/wp-json\/wp\/v2\/product_brand?post=1343"},{"taxonomy":"product_cat","embeddable":true,"href":"https:\/\/juditneddermann.com\/shop\/es\/wp-json\/wp\/v2\/product_cat?post=1343"},{"taxonomy":"product_tag","embeddable":true,"href":"https:\/\/juditneddermann.com\/shop\/es\/wp-json\/wp\/v2\/product_tag?post=1343"}],"curies":[{"name":"wp","href":"https:\/\/api.w.org\/{rel}","templated":true}]}}