{"id":1330,"date":"2024-10-25T13:08:36","date_gmt":"2024-10-25T11:08:36","guid":{"rendered":"https:\/\/juditneddermann.com\/shop\/producte\/cd-artean\/"},"modified":"2026-03-07T21:45:36","modified_gmt":"2026-03-07T20:45:36","slug":"cd-artean","status":"publish","type":"product","link":"https:\/\/juditneddermann.com\/shop\/es\/producto\/cd-artean\/","title":{"rendered":"CD ARTEAN"},"content":{"rendered":"<p>Artean significa \u2018entre\u2019 y \u2018en el arte\u2019. \u2018Entre\u2019 porque es un puente que va de mi pecho hacia Euskal Herria, y \u2018en el arte\u2019 porque he invitado a cinco artistas que me han regalado sus voces y talentos en cada una de las canciones. Es una reuni\u00f3n de mujeres y una celebraci\u00f3n de nuestras lenguas, el catal\u00e1n y el euskera, lenguas que las hemos mantenido vivas durante tantas generaciones a pesar de haber sido prohibidas y perseguidas. Nada ser\u00eda posible sin la inestimable traducci\u00f3n y adaptaci\u00f3n de mi querida Olatz Salvador.   <\/p>\n","protected":false},"excerpt":{"rendered":"<p>Artean significa \u2018entre\u2019 y \u2018en el arte\u2019. \u2018Entre\u2019 porque es un puente que va de mi pecho hacia Euskal Herria, y \u2018en el arte\u2019 porque he invitado a cinco artistas que me han regalado sus voces y talentos en cada una de las canciones. Es una reuni\u00f3n de mujeres y una celebraci\u00f3n de nuestras lenguas, [&hellip;]<\/p>\n","protected":false},"featured_media":1334,"comment_status":"open","ping_status":"closed","template":"","meta":{"_genesis_hide_title":false,"_genesis_hide_breadcrumbs":false,"_genesis_hide_singular_image":false,"_genesis_hide_footer_widgets":false,"_genesis_custom_body_class":"","_genesis_custom_post_class":"","_genesis_layout":""},"product_brand":[],"product_cat":[50],"product_tag":[],"class_list":{"0":"post-1330","1":"product","2":"type-product","3":"status-publish","4":"has-post-thumbnail","6":"product_cat-disco-dedicado","7":"entry","9":"first","10":"instock","11":"purchasable","12":"product-type-simple"},"_links":{"self":[{"href":"https:\/\/juditneddermann.com\/shop\/es\/wp-json\/wp\/v2\/product\/1330","targetHints":{"allow":["GET"]}}],"collection":[{"href":"https:\/\/juditneddermann.com\/shop\/es\/wp-json\/wp\/v2\/product"}],"about":[{"href":"https:\/\/juditneddermann.com\/shop\/es\/wp-json\/wp\/v2\/types\/product"}],"replies":[{"embeddable":true,"href":"https:\/\/juditneddermann.com\/shop\/es\/wp-json\/wp\/v2\/comments?post=1330"}],"wp:featuredmedia":[{"embeddable":true,"href":"https:\/\/juditneddermann.com\/shop\/es\/wp-json\/wp\/v2\/media\/1334"}],"wp:attachment":[{"href":"https:\/\/juditneddermann.com\/shop\/es\/wp-json\/wp\/v2\/media?parent=1330"}],"wp:term":[{"taxonomy":"product_brand","embeddable":true,"href":"https:\/\/juditneddermann.com\/shop\/es\/wp-json\/wp\/v2\/product_brand?post=1330"},{"taxonomy":"product_cat","embeddable":true,"href":"https:\/\/juditneddermann.com\/shop\/es\/wp-json\/wp\/v2\/product_cat?post=1330"},{"taxonomy":"product_tag","embeddable":true,"href":"https:\/\/juditneddermann.com\/shop\/es\/wp-json\/wp\/v2\/product_tag?post=1330"}],"curies":[{"name":"wp","href":"https:\/\/api.w.org\/{rel}","templated":true}]}}