{"id":1103,"date":"2023-03-08T19:31:42","date_gmt":"2023-03-08T18:31:42","guid":{"rendered":"https:\/\/juditneddermann.com\/shop\/producte\/canta-cuento-ilustrado\/"},"modified":"2025-12-30T21:07:29","modified_gmt":"2025-12-30T20:07:29","slug":"canta-conte-illustrat","status":"publish","type":"product","link":"https:\/\/juditneddermann.com\/shop\/es\/producto\/canta-conte-illustrat\/","title":{"rendered":"&#8216;Canta&#8217; Cuento ilustrado"},"content":{"rendered":"<p>&#8216;Canta&#8217; es un cuento basado en la canci\u00f3n hom\u00f3nima de Judit Neddermann.<br \/>\nEs un cuento infantil que habla de tres protagonistas, la Jana, Jo\u00e2o y Juana. Tres ni\u00f1os, procedentes de distintas culturas pero que a pesar de sus diferencias saben entenderse y jugar juntos. Este cuento, tal y como hace la canci\u00f3n, se basa en la idea de que lo m\u00e1s importante es que el coraz\u00f3n sienta, y que en estos momentos, las palabras sobran.<br \/>\nEl cuento incluye tres audios de Judit Neddermann hablando en los tres idiomas de procedencia de los protagonistas: el catal\u00e1n, el portugu\u00e9s y el castellano respectivamente. Esc\u00fachalos a trav\u00e9s de los QR del cuento.<br \/>\nLas ilustraciones son de Alba Falgarona.<\/p>\n","protected":false},"excerpt":{"rendered":"<p>&#8216;Canta&#8217; es un cuento basado en la canci\u00f3n hom\u00f3nima de Judit Neddermann. Es un cuento infantil que habla de tres protagonistas, la Jana, Jo\u00e2o y Juana. Tres ni\u00f1os, procedentes de distintas culturas pero que a pesar de sus diferencias saben entenderse y jugar juntos. Este cuento, tal y como hace la canci\u00f3n, se basa en [&hellip;]<\/p>\n","protected":false},"featured_media":1101,"comment_status":"open","ping_status":"closed","template":"","meta":{"_genesis_hide_title":false,"_genesis_hide_breadcrumbs":false,"_genesis_hide_singular_image":false,"_genesis_hide_footer_widgets":false,"_genesis_custom_body_class":"","_genesis_custom_post_class":"","_genesis_layout":""},"product_brand":[],"product_cat":[46],"product_tag":[],"class_list":{"0":"post-1103","1":"product","2":"type-product","3":"status-publish","4":"has-post-thumbnail","6":"product_cat-sin-categoria","7":"entry","9":"first","10":"outofstock","11":"taxable","12":"shipping-taxable","13":"purchasable","14":"product-type-simple"},"_links":{"self":[{"href":"https:\/\/juditneddermann.com\/shop\/es\/wp-json\/wp\/v2\/product\/1103","targetHints":{"allow":["GET"]}}],"collection":[{"href":"https:\/\/juditneddermann.com\/shop\/es\/wp-json\/wp\/v2\/product"}],"about":[{"href":"https:\/\/juditneddermann.com\/shop\/es\/wp-json\/wp\/v2\/types\/product"}],"replies":[{"embeddable":true,"href":"https:\/\/juditneddermann.com\/shop\/es\/wp-json\/wp\/v2\/comments?post=1103"}],"wp:featuredmedia":[{"embeddable":true,"href":"https:\/\/juditneddermann.com\/shop\/es\/wp-json\/wp\/v2\/media\/1101"}],"wp:attachment":[{"href":"https:\/\/juditneddermann.com\/shop\/es\/wp-json\/wp\/v2\/media?parent=1103"}],"wp:term":[{"taxonomy":"product_brand","embeddable":true,"href":"https:\/\/juditneddermann.com\/shop\/es\/wp-json\/wp\/v2\/product_brand?post=1103"},{"taxonomy":"product_cat","embeddable":true,"href":"https:\/\/juditneddermann.com\/shop\/es\/wp-json\/wp\/v2\/product_cat?post=1103"},{"taxonomy":"product_tag","embeddable":true,"href":"https:\/\/juditneddermann.com\/shop\/es\/wp-json\/wp\/v2\/product_tag?post=1103"}],"curies":[{"name":"wp","href":"https:\/\/api.w.org\/{rel}","templated":true}]}}