{"id":979,"date":"2023-05-23T19:57:47","date_gmt":"2023-05-23T17:57:47","guid":{"rendered":"https:\/\/juditneddermann.com\/shop\/politica-de-privacidad\/"},"modified":"2023-05-23T20:32:20","modified_gmt":"2023-05-23T18:32:20","slug":"politica-de-privacidad","status":"publish","type":"page","link":"https:\/\/juditneddermann.com\/shop\/es\/politica-de-privacidad\/","title":{"rendered":"Pol\u00edtica de privacidad"},"content":{"rendered":"\n<div style=\"height:70px\" aria-hidden=\"true\" class=\"wp-block-spacer\"><\/div>\n\n\n\n<h1 class=\"wp-block-heading\">Pol\u00edtica de privacidad<\/h1>\n\n\n\n<p>\u00c9sta es la pol\u00edtica de protecci\u00f3n de datos de <strong>Judit Neddermann Vinaixa.<\/strong> Se refiere a los datos de personas f\u00edsicas con las que se relaciona en el ejercicio de sus competencias y funciones. El tratamiento se efect\u00faa cumpliendo el Reglamento General de Protecci\u00f3n de Datos (en adelante RGDP) 2016\/679 del Parlamento Europeo y del Consejo, de 27 de abril de 2016) y la Ley org\u00e1nica 3\/2018, de 5 de diciembre, de protecci\u00f3n de datos personales y garant\u00eda de los derechos digitales (en adelante LOPD-GDD) y la normativa que se derive.<\/p>\n\n\n\n<h2 class=\"wp-block-heading\">Responsable del tratamiento<\/h2>\n\n\n\n<p>El responsable del tratamiento de los datos personales es <strong>Judit Neddermann Vinaixa<\/strong> que puede contactar a &#x63;&#97;t&#x61;&#108;i&#x6e;&#97;&#64;&#x61;&#x73;&#100;&#x65;&#x67;&#117;i&#x61;&#46;c&#x61;&#116;<\/p>\n\n\n\n<h2 class=\"wp-block-heading\">Delegado de protecci\u00f3n de datos<\/h2>\n\n\n\n<p><strong>Judit Neddermann Vinaixa<\/strong> no requiere delegado\/a de protecci\u00f3n de datos.<\/p>\n\n\n\n<h2 class=\"wp-block-heading\">Tratamiento de los datos, finalidades y legitimaci\u00f3n <\/h2>\n\n\n\n<p>En la web de <strong>Judit Neddermann Vinaixa<\/strong> realizamos los siguientes tratamiento de datos personales. Por cada tratamiento que hacemos, a continuaci\u00f3n explicamos su finalidad y la base legal que nos permite realizarlo.<\/p>\n\n\n\n<ul class=\"wp-block-list\">\n<li>Gesti\u00f3n de consultas de la web<\/li>\n<\/ul>\n\n\n\n<p>La finalidad de este tratamiento es gestionar los datos de contacto para responder a las consultas recibidas v\u00eda formulario o correo electr\u00f3nico a la agencia de management. La base jur\u00eddica para realizar el tratamiento es el consentimiento seg\u00fan el art\u00edculo 6.1.a del RGPD.<\/p>\n\n\n\n<ul class=\"wp-block-list\">\n<li>Gesti\u00f3n del bolet\u00edn<\/li>\n<\/ul>\n\n\n\n<p>La finalidad de este tratamiento es gestionar los datos de contacto enviar el bolet\u00edn con informaci\u00f3n y publicidad de Judit. La base jur\u00eddica para realizar el tratamiento es el consentimiento seg\u00fan el art\u00edculo 6.1.a del RGPD.<\/p>\n\n\n\n<ul class=\"wp-block-list\">\n<li>Gesti\u00f3n de los pedidos de la tienda on-line<\/li>\n<\/ul>\n\n\n\n<p>La finalidad de este tratamiento es gestionar los datos de contacto, localizaci\u00f3n y finanzas para gestionar las compras que realizan los interesados en la tienda on-line. La base jur\u00eddica para realizar el tratamiento es la ejecuci\u00f3n de un contrato seg\u00fan el art\u00edculo 6.1.c del RGPD.<\/p>\n\n\n\n<ul class=\"wp-block-list\">\n<li>Gesti\u00f3n del ejercicio de derechos<\/li>\n<\/ul>\n\n\n\n<p>La finalidad de este tratamiento es gestionar el ejercicio de los derechos de los interesados. La base jur\u00eddica para realizar el tratamiento es el cumplimiento de la obligaci\u00f3n legal de responder, seg\u00fan el art\u00edculo 6.c del RGPD<\/p>\n\n\n\n<p>No se tratan datos de categor\u00eda especial.<\/p>\n\n\n\n<h2 class=\"wp-block-heading\">Conservaci\u00f3n de los datos personales<\/h2>\n\n\n\n<p>Los datos personales se conservar\u00e1n mientras dure la relaci\u00f3n profesional y durante el plazo m\u00ednimo previsto por la normativa vigente (por ejemplo frente a reclamaciones, por temas fiscales y contables o la prevenci\u00f3n de blanqueo de capitales).<\/p>\n\n\n\n<h2 class=\"wp-block-heading\">Informaci\u00f3n al interesado<\/h2>\n\n\n\n<p>En caso de ser necesario el consentimiento del interesado para el tratamiento de datos, \u00e9ste ser\u00e1 recabado de forma expl\u00edcita, precisa e inequ\u00edvoca, mediante una clara acci\u00f3n informativa, teniendo derecho el interesado a retirar su consentimiento en cualquier momento. La retirada del consentimiento no afectar\u00e1 a la licitud del tratamiento basada en el consentimiento previo a su retirada. <\/p>\n\n\n\n<p>En cualquier caso, en el momento en que se recaben los datos, el interesado\/a ser\u00e1 informado de la actividad de tratamiento para la que se recogen sus datos, mediante una informaci\u00f3n b\u00e1sica y resumida.<\/p>\n\n\n\n<h2 class=\"wp-block-heading\">Destinatarios o categor\u00edas de destinatarios de los datos.<\/h2>\n\n\n\n<p>Los datos recogidos directamente por <strong>Judit Neddermann Vinaixa<\/strong> no est\u00e1 previsto cederlos a terceros. <\/p>\n\n\n\n<p>Utiliza encargados con la categor\u00eda de proveedores de tecnolog\u00eda y la agencia de management para facilitar la contrataci\u00f3n y gesti\u00f3n de las consultas que tenga.<\/p>\n\n\n\n<p>Para la gesti\u00f3n de la venta de entradas, se ofrece un enlace a la web del teatro u organizador que ha contratado el espect\u00e1culo.<\/p>\n\n\n\n<p>La infraestructura tecnol\u00f3gica asociada a la web se ha estructurado de la siguiente forma. <\/p>\n\n\n\n<ul class=\"wp-block-list\">\n<li>La web est\u00e1 hospedada en el proveedor CD MON, www.cdmon.com\/es\/, y los servidores est\u00e1n en la Uni\u00f3n Europea<\/li>\n\n\n\n<li>El correo y el formulario de inscripci\u00f3n en el bolet\u00edn se gestiona a trav\u00e9s de google, que tiene servidores en todo el mundo. Los servidores que est\u00e1n fuera de la Uni\u00f3n Europa utilizan cl\u00e1usulas contractuales tipo previstas en el RGDP.<a href=\"https:\/\/privacy.google.com\/intl\/es\/businesses\/compliance\/\" target=\"_blank\" rel=\"noreferrer noopener\"> https:\/\/privacy.google.com\/intl\/es\/businesses\/compliance\/<\/a><\/li>\n<\/ul>\n\n\n\n<h2 class=\"wp-block-heading\">Transferencia de datos a un tercer pa\u00eds oa una organizaci\u00f3n internacional y la base para ello, si procede.<\/h2>\n\n\n\n<p>Como Responsable, no se realizan transferencias internacionales de datos, pero los encargados y proveedores de la infraestructura pueden realizar transferencias internacionales de datos pero con seguridad equivalente seg\u00fan el RGPD.<\/p>\n\n\n\n<h2 class=\"wp-block-heading\">Derechos<\/h2>\n\n\n\n<p>Los derechos de un usuario\/a de la web son los siguientes:<\/p>\n\n\n\n<ul class=\"wp-block-list\">\n<li>Cualquier persona tiene derecho a obtener confirmaci\u00f3n sobre si <strong>Judit Neddermann Vinaixa<\/strong> est\u00e1 tratando datos personales que le incumbe, o no. <\/li>\n\n\n\n<li>Las personas interesadas tienen derecho a acceder a sus datos personales, as\u00ed como a solicitar la rectificaci\u00f3n de los datos inexactos o, en su caso, solicitar su supresi\u00f3n, entre otros motivos, cuando los datos ya no sean necesarios para a los fines para los que se recogieron. <\/li>\n\n\n\n<li>En determinadas circunstancias previstas en el art\u00edculo 18 del RGPD, los interesados pueden solicitar la limitaci\u00f3n del tratamiento de sus datos. En este caso, \u00fanicamente las conservaremos para ejercitar o defender reclamaciones. <\/li>\n\n\n\n<li>En virtud del derecho a la portabilidad, los interesados tienen derecho a obtener sus datos personales en un formato estructurado de uso com\u00fan y lectura mec\u00e1nica y transmitirlos a otro responsable. <\/li>\n\n\n\n<li>Tambi\u00e9n derecho a retirar el consentimiento en cualquier momento<\/li>\n\n\n\n<li>Si la comunicaci\u00f3n de datos es un requisito legal o contractual o un requisito necesario para suscribir un contrato, y si el interesado est\u00e1 obligado a facilitar los datos y las consecuencias de no facilitarlos.<\/li>\n<\/ul>\n\n\n\n<h2 class=\"wp-block-heading\">\u00bfC\u00f3mo puede ejercer los derechos? <\/h2>\n\n\n\n<p>Mediante un correo electr\u00f3nico a <a href=\"&#x6d;&#x61;&#x69;&#108;&#116;&#111;:c&#x61;&#x74;&#x61;&#x6c;&#105;&#110;a&#64;&#x61;&#x73;&#x64;&#x65;&#103;&#117;ia&#x2e;&#x63;&#x61;&#x74;\">&#x63;&#x61;&#x74;&#x61;&#x6c;&#x69;&#x6e;&#x61;&#x40;&#x61;&#x73;&#x64;&#x65;&#x67;&#x75;&#x69;&#x61;&#x2e;&#x63;&#x61;&#x74;<\/a> donde se detalle la consulta, nombre y apellidos del interesado. <\/p>\n\n\n\n<h2 class=\"wp-block-heading\">\u00bfQu\u00e9 v\u00edas de reclamaci\u00f3n existen? <\/h2>\n\n\n\n<p>Si considera que sus derechos no se han atendido adecuadamente, tiene derecho a presentar una reclamaci\u00f3n ante la Agencia Espa\u00f1ola de Protecci\u00f3n de Datos, AEPD, <a href=\"http:\/\/www.aepd.es\" target=\"_blank\" rel=\"noreferrer noopener\">www.aepd.es<\/a>, o la Agencia Catalana de Protecci\u00f3n de Datos, <a href=\"https:\/\/apdcat.gencat.cat\/\">https:\/ \/apdcat.gencat.cat\/<\/a><\/p>\n","protected":false},"excerpt":{"rendered":"<p>Pol\u00edtica de privacidad \u00c9sta es la pol\u00edtica de protecci\u00f3n de datos de Judit Neddermann Vinaixa. Se refiere a los datos de personas f\u00edsicas con las que se relaciona en el ejercicio de sus competencias y funciones. El tratamiento se efect\u00faa cumpliendo el Reglamento General de Protecci\u00f3n de Datos (en adelante RGDP) 2016\/679 del Parlamento Europeo [&hellip;]<\/p>\n","protected":false},"author":1,"featured_media":0,"parent":0,"menu_order":0,"comment_status":"closed","ping_status":"closed","template":"","meta":{"_genesis_hide_title":true,"_genesis_hide_breadcrumbs":false,"_genesis_hide_singular_image":false,"_genesis_hide_footer_widgets":false,"_genesis_custom_body_class":"","_genesis_custom_post_class":"","_genesis_layout":"","footnotes":""},"class_list":{"0":"post-979","1":"page","2":"type-page","3":"status-publish","5":"entry"},"featured_image_src":null,"featured_image_src_square":null,"_links":{"self":[{"href":"https:\/\/juditneddermann.com\/shop\/es\/wp-json\/wp\/v2\/pages\/979","targetHints":{"allow":["GET"]}}],"collection":[{"href":"https:\/\/juditneddermann.com\/shop\/es\/wp-json\/wp\/v2\/pages"}],"about":[{"href":"https:\/\/juditneddermann.com\/shop\/es\/wp-json\/wp\/v2\/types\/page"}],"author":[{"embeddable":true,"href":"https:\/\/juditneddermann.com\/shop\/es\/wp-json\/wp\/v2\/users\/1"}],"replies":[{"embeddable":true,"href":"https:\/\/juditneddermann.com\/shop\/es\/wp-json\/wp\/v2\/comments?post=979"}],"version-history":[{"count":2,"href":"https:\/\/juditneddermann.com\/shop\/es\/wp-json\/wp\/v2\/pages\/979\/revisions"}],"predecessor-version":[{"id":983,"href":"https:\/\/juditneddermann.com\/shop\/es\/wp-json\/wp\/v2\/pages\/979\/revisions\/983"}],"wp:attachment":[{"href":"https:\/\/juditneddermann.com\/shop\/es\/wp-json\/wp\/v2\/media?parent=979"}],"curies":[{"name":"wp","href":"https:\/\/api.w.org\/{rel}","templated":true}]}}