{"id":961,"date":"2023-05-23T19:33:17","date_gmt":"2023-05-23T17:33:17","guid":{"rendered":"https:\/\/juditneddermann.com\/shop\/politica-de-cookies\/"},"modified":"2023-05-23T20:33:56","modified_gmt":"2023-05-23T18:33:56","slug":"politica-de-cookies","status":"publish","type":"page","link":"https:\/\/juditneddermann.com\/shop\/es\/politica-de-cookies\/","title":{"rendered":"Pol\u00edtica de cookies"},"content":{"rendered":"\n<div style=\"height:70px\" aria-hidden=\"true\" class=\"wp-block-spacer\"><\/div>\n\n\n\n<h1 class=\"wp-block-heading\">Pol\u00edtica de cookies<\/h1>\n\n\n\n<p>Esta web utiliza cookies y\/o tecnolog\u00edas similares que almacenan y recuperan informaci\u00f3n cuando navegas por ella. En general, estas tecnolog\u00edas pueden servir para fines muy diversos, como, por ejemplo, identificar a los usuarios de la web, obtener informaci\u00f3n sobre los h\u00e1bitos de navegaci\u00f3n o personalizar la forma en que se muestra el contenido.<br><br>Mediante el acceso y uso de la web, aceptas que Judit Neddermann Vinaixa puede utilizar las cookies propias y de terceros, de sesi\u00f3n y permanentes, con finalidades distintas. A continuaci\u00f3n, te explicamos los usos concretos que hacemos de estas tecnolog\u00edas en la web.<\/p>\n\n\n\n<p><strong>Tipo de cookies<\/strong> (tambi\u00e9n conocidas como cookies)<\/p>\n\n\n\n<p>Existen diferentes tipos de cookies que pueden realizar una o m\u00e1s funciones. A continuaci\u00f3n se presenta una lista de los principales tipos que se pueden encontrar. <\/p>\n\n\n\n<ul class=\"wp-block-list\">\n<li><strong>T\u00e9cnicas. <\/strong><\/li>\n<\/ul>\n\n\n\n<p>Permiten al usuario la navegaci\u00f3n a trav\u00e9s de una p\u00e1gina web, plataforma o aplicaci\u00f3n y la utilizaci\u00f3n de las diferentes opciones o servicios que existan, incluidos aquellos que el editor utiliza para permitir gesti\u00f3n operativa de la p\u00e1gina web y habilitar sus funciones y servicios, como, por ejemplo, controlar el tr\u00e1fico y la comunicaci\u00f3n de datos, identificar la sesi\u00f3n&#8230;.<\/p>\n\n\n\n<ul class=\"wp-block-list\">\n<li><strong>De preferencia o personalizaci\u00f3n<\/strong><\/li>\n<\/ul>\n\n\n\n<p>Permiten recordar informaci\u00f3n para que el usuario acceda al servicio con determinadas caracter\u00edsticas que puedan diferenciar su experiencia del resto de otros usuarios. <\/p>\n\n\n\n<ul class=\"wp-block-list\">\n<li><strong>De an\u00e1lisis o medida<\/strong><\/li>\n<\/ul>\n\n\n\n<p>Son aquellas que tratadas por nosotros o terceros, permiten cuantificar el n\u00famero de usuarios y as\u00ed realizar la medida y an\u00e1lisis estad\u00edstico del uso que realizan los usuarios de los servicios ofrecidos. Por este motivo, se analiza su navegaci\u00f3n en la p\u00e1gina web con el fin de mejorar la oferta de productos o servicios que le ofrecemos. <\/p>\n\n\n\n<ul class=\"wp-block-list\">\n<li><strong>De publicidad del comportamiento<\/strong><\/li>\n<\/ul>\n\n\n\n<p>Guardan informaci\u00f3n del comportamiento de los usuarios obtenida a trav\u00e9s de la observaci\u00f3n continuada de sus h\u00e1bitos de navegaci\u00f3n, lo que permite desarrollar un perfil espec\u00edfico para mostrar publicidad a trav\u00e9s del mismo.<\/p>\n\n\n\n<p><strong>Las cookies en esta web<\/strong><\/p>\n\n\n\n<p>Las cookies son archivos que los sitios web o las aplicaciones instalan en tu navegador o dispositivo (smarphone, table, televisi\u00f3n conectada,&#8230;) durante su recorrido por las p\u00e1ginas del sitio, y sirven para almacenar informaci\u00f3n sobre la tuya visita. <\/p>\n\n\n\n<p>S\u00f3lo utilizan cookies t\u00e9cnicas o de sesi\u00f3n <\/p>\n\n\n\n<figure class=\"wp-block-table\"><table><tbody><tr><td><strong>Nombre de la cookie<\/strong><\/td><td><strong>Quien gestiona la cookie<\/strong><\/td><td><strong>Finalidades<\/strong><\/td><td><strong>Descripci\u00f3n<\/strong><\/td><td><strong>Duraci\u00f3n<\/strong><\/td><\/tr><tr><td>_jn_nua_session<\/td><td>Propia<\/td><td>Sesi\u00f3n<\/td><td>permiten al sitio que est\u00e1 visitando mantener un seguimiento de su movimiento de una a otra p\u00e1gina, por lo que no le pedir\u00e1 la informaci\u00f3n que ya ha dado anteriormente.<\/td><td>sesi\u00f3n<\/td><\/tr><tr><td>wp-wpml_<\/td><td>WordPress<\/td><td>Sesi\u00f3n<\/td><td>per desar les opcions de llenguatge<\/td><td>sesi\u00f3n<\/td><\/tr><\/tbody><\/table><\/figure>\n\n\n\n<p><strong>Configuraci\u00f3n de las cookies<\/strong><\/p>\n\n\n\n<p>Puedes configurar tu navegador para aceptar o rechazar por defecto todas las <em>cookies<\/em>, o para recibir un aviso en pantalla de la recepci\u00f3n de cada <em>cookie<\/em> y decidir, en ese momento, su implantaci\u00f3n.<\/p>\n\n\n\n<p>Si lo deseas, se puede dejar de aceptar las cookies del navegador. Todos los navegadores actuales permiten cambiar la configuraci\u00f3n de cookies. Estos ajustes normalmente se encuentran en las opciones o preferencias del men\u00fa del navegador.<\/p>\n\n\n\n<p>Los procedimientos para el bloqueo y eliminaci\u00f3n de <em>cookies<\/em> pueden diferir de un navegador de internet a otro, por lo que el usuario deber\u00e1 consultar las instrucciones facilitadas por el navegador de internet, como las que se detallan a continuaci\u00f3n:<\/p>\n\n\n\n<ul class=\"wp-block-list\">\n<li><a href=\"http:\/\/windows.microsoft.com\/es-es\/windows-vista\/block-or-allow-cookies\" target=\"_blank\" rel=\"noreferrer noopener\">Configuraci\u00f3n de <em>cookies<\/em> de Internet Explorer<\/a><\/li>\n\n\n\n<li><a href=\"https:\/\/support.mozilla.org\/es\/kb\/habilitar-y-deshabilitar-cookies-que-los-sitios-we\" target=\"_blank\" rel=\"noreferrer noopener\">Configuraci\u00f3n de <em>cookies<\/em> de Firefox<\/a><\/li>\n\n\n\n<li><a href=\"https:\/\/support.google.com\/chrome\/bin\/answer.py?hl=es&amp;answer=95647\" target=\"_blank\" rel=\"noreferrer noopener\">Configuraci\u00f3n de <em>cookies<\/em> de Google Chrome<\/a><\/li>\n\n\n\n<li><a href=\"http:\/\/support.apple.com\/kb\/HT1677?viewlocale=es_ES&amp;locale=es_ES\" target=\"_blank\" rel=\"noreferrer noopener\">Configuraci\u00f3n de <em>cookies<\/em> de Safari<\/a><\/li>\n<\/ul>\n\n\n\n<p>Estos navegadores est\u00e1n sometidos a actualizaciones o modificaciones, por lo que no podemos garantizar que se ajusten completamente a la versi\u00f3n de tu navegador.<\/p>\n\n\n\n<p><strong>Deshabilitar las cookies<\/strong><\/p>\n\n\n\n<p>Tienes que ser consciente de que, en caso de que desees rechazar la utilizaci\u00f3n de cookies, puedes tener limitado el uso de algunas prestaciones de la web o el comportamiento de la web puede ser distinto. Es probable que si se deshabilita el uso de las cookies, la web no te deje acceder a todas las zonas del mismo o se degrade tu experiencia de navegaci\u00f3n.<\/p>\n\n\n\n<p><strong>Actualizaci\u00f3n de la Pol\u00edtica de Cookies<\/strong><\/p>\n\n\n\n<p>Judit Neddermann Vinaixa puede modificar esta pol\u00edtica de cookies en funci\u00f3n de las exigencias legislativas, normativas o con el fin de adaptar esta pol\u00edtica a las instrucciones que pueda publicar los organismos reguladores como la Agencia Espa\u00f1ola de Protecci\u00f3n de Datos. <\/p>\n\n\n\n<p>Por este motivo, se recomienda la consulta peri\u00f3dica de esta pol\u00edtica.<\/p>\n\n\n\n<p><strong>Perfiles<\/strong><\/p>\n\n\n\n<p>En esta web no se realizan perfiles de los usuarios que la visita<\/p>\n\n\n\n<p><strong>Transferencia a pa\u00edses terceros<\/strong><\/p>\n\n\n\n<p>Los proveedores tecnol\u00f3gicos de soporte a la web pueden realizar transferencias a terceros pa\u00edses. <\/p>\n\n\n\n<p>Puedes informarte de las transferencias a terceros pa\u00edses que, en su caso, realizan los terceros identificados en esta pol\u00edtica de cookies en sus correspondientes pol\u00edticas: <\/p>\n\n\n\n<ul class=\"wp-block-list\">\n<li>Google: <a href=\"https:\/\/policies.google.com\/technologies\/cookies?hl=es\" target=\"_blank\" rel=\"noreferrer noopener\">https:\/\/policies.google.com\/technologies\/cookies?hl=es<\/a><\/li>\n<\/ul>\n\n\n\n<p><strong>Si tienes m\u00e1s dudas<\/strong><\/p>\n\n\n\n<p>Para cualquier cuesti\u00f3n adicional relacionada con el uso de las <em>cookies<\/em>, puedes enviar tu petici\u00f3n mediante un correo electr\u00f3nico a, indicando en la cabecera \u201cconsulta respecto a la pol\u00edtica de cookies\u201d a &#99;&#x61;&#116;&#x61;&#108;&#x69;&#110;&#x61;&#64;&#x61;&#115;&#x64;&#101;&#x67;&#117;&#x69;&#97;&#x2e;&#99;&#x61;&#116;<\/p>\n","protected":false},"excerpt":{"rendered":"<p>Pol\u00edtica de cookies Esta web utiliza cookies y\/o tecnolog\u00edas similares que almacenan y recuperan informaci\u00f3n cuando navegas por ella. En general, estas tecnolog\u00edas pueden servir para fines muy diversos, como, por ejemplo, identificar a los usuarios de la web, obtener informaci\u00f3n sobre los h\u00e1bitos de navegaci\u00f3n o personalizar la forma en que se muestra el [&hellip;]<\/p>\n","protected":false},"author":1,"featured_media":0,"parent":0,"menu_order":0,"comment_status":"closed","ping_status":"closed","template":"","meta":{"_genesis_hide_title":true,"_genesis_hide_breadcrumbs":false,"_genesis_hide_singular_image":false,"_genesis_hide_footer_widgets":false,"_genesis_custom_body_class":"","_genesis_custom_post_class":"","_genesis_layout":"","footnotes":""},"class_list":{"0":"post-961","1":"page","2":"type-page","3":"status-publish","5":"entry"},"featured_image_src":null,"featured_image_src_square":null,"_links":{"self":[{"href":"https:\/\/juditneddermann.com\/shop\/es\/wp-json\/wp\/v2\/pages\/961","targetHints":{"allow":["GET"]}}],"collection":[{"href":"https:\/\/juditneddermann.com\/shop\/es\/wp-json\/wp\/v2\/pages"}],"about":[{"href":"https:\/\/juditneddermann.com\/shop\/es\/wp-json\/wp\/v2\/types\/page"}],"author":[{"embeddable":true,"href":"https:\/\/juditneddermann.com\/shop\/es\/wp-json\/wp\/v2\/users\/1"}],"replies":[{"embeddable":true,"href":"https:\/\/juditneddermann.com\/shop\/es\/wp-json\/wp\/v2\/comments?post=961"}],"version-history":[{"count":5,"href":"https:\/\/juditneddermann.com\/shop\/es\/wp-json\/wp\/v2\/pages\/961\/revisions"}],"predecessor-version":[{"id":995,"href":"https:\/\/juditneddermann.com\/shop\/es\/wp-json\/wp\/v2\/pages\/961\/revisions\/995"}],"wp:attachment":[{"href":"https:\/\/juditneddermann.com\/shop\/es\/wp-json\/wp\/v2\/media?parent=961"}],"curies":[{"name":"wp","href":"https:\/\/api.w.org\/{rel}","templated":true}]}}