{"id":951,"date":"2023-05-23T19:01:09","date_gmt":"2023-05-23T17:01:09","guid":{"rendered":"https:\/\/juditneddermann.com\/shop\/aviso-legal\/"},"modified":"2023-05-23T20:33:21","modified_gmt":"2023-05-23T18:33:21","slug":"aviso-legal","status":"publish","type":"page","link":"https:\/\/juditneddermann.com\/shop\/es\/aviso-legal\/","title":{"rendered":"Aviso legal"},"content":{"rendered":"\n<div style=\"height:70px\" aria-hidden=\"true\" class=\"wp-block-spacer\"><\/div>\n\n\n\n<h1 class=\"wp-block-heading\">Aviso legal<\/h1>\n\n\n\n<p>En cumplimiento de lo que prev\u00e9 la Ley 34\/2002, de 11 de julio, de Servicios de la Sociedad de la Informaci\u00f3n y de Comercio Electr\u00f3nico (conocida como LSSI), as\u00ed como otras normas que tienen una aplicaci\u00f3n legal, te explicamos como usuario de esta web la siguiente informaci\u00f3n.<\/p>\n\n\n\n<p>La p\u00e1gina web http:\/\/www.juditneddermann.com\/, es gestionada por Judit Neddermann Vinaixa, que ejerce las funciones de titular de la web y prestadora de los servicios de la sociedad de la informaci\u00f3n, en lo sucesivo Responsable legal. <\/p>\n\n\n\n<p>Judit Neddermann Vinaixa est\u00e1 domiciliada en Vilassar de Mar, con NIF 38882315X. Si desea contactar con Judit, puede hacerlo en &#99;a&#116;a&#108;i&#x6e;a&#x40;a&#x73;d&#x65;g&#x75;i&#x61;&#46;&#x63;a&#x74;<\/p>\n\n\n\n<p>En este momento no est\u00e1 adherida a ning\u00fan c\u00f3digo de conducta.<\/p>\n\n\n\n<p>El hecho de acceder y participar en esta p\u00e1gina implica que conoces y aceptas su pol\u00edtica de privacidad<\/p>\n\n\n\n<h2 class=\"wp-block-heading\">Aceptaci\u00f3n de las condiciones de uso<\/h2>\n\n\n\n<p>El uso de la web www.juditneddermann.com implica que t\u00fa, como usuario, conoces y aceptas las advertencias legales y las condiciones vigentes en cada momento que accedes, que ahora te explicamos. <\/p>\n\n\n\n<p>El uso de algunos servicios concretos que esta web pone a disposici\u00f3n de los usuarios puede estar sometida a condiciones, advertencias o instrucciones especiales, que tambi\u00e9n deber\u00e1s consultar y aceptar sin reservas.<\/p>\n\n\n\n<p><strong>Gratuidad del acceso<\/strong><\/p>\n\n\n\n<p>La utilizaci\u00f3n del sitio oficial www.juditneddermann.com <strong> <\/strong>tiene car\u00e1cter gratuito. No obstante, en caso de que se ofrezca alg\u00fan servicio en la web que requiera realizar una contrataci\u00f3n previa, \u00e9ste puede estar condicionado al pago de un precio, actualmente o en el futuro, lo que se indicar\u00e1 convenientemente.<\/p>\n\n\n\n<p><strong>Propiedad intelectual y modificaciones por parte de usuarios<\/strong><\/p>\n\n\n\n<p>Esta p\u00e1gina web se encuentra protegida por las leyes de propiedad intelectual e industrial (en adelante, \u201clos Derechos\u201d), as\u00ed como que estos Derechos son v\u00e1lidos y est\u00e1n protegidos en todos los medios existentes en la actualidad o que se desarrollen en un futuro. <\/p>\n\n\n\n<p>T\u00fa, como usuario, aceptas que el uso del contenido est\u00e1 sujeto y se rige por estas normas, adem\u00e1s por los derechos, as\u00ed como por las leyes de propiedad privada aplicables en la legislaci\u00f3n vigente.<\/p>\n\n\n\n<p>A todos los efectos, no se permite a los usuarios la modificaci\u00f3n de las p\u00e1ginas que constituyen el sitio web www.juditneddermann.com ni de sus contenidos.<\/p>\n\n\n\n<p><strong>Responsabilidad de los contenidos<\/strong><\/p>\n\n\n\n<p>La Responsable legal se reserva el derecho de modificar las p\u00e1ginas y contenidos de su sitio web, as\u00ed como las condiciones de uso, y publicarlo en este mismo sitio web sin previo aviso.<\/p>\n\n\n\n<p><strong>Restricciones de acceso y uso<\/strong><\/p>\n\n\n\n<p>La utilizaci\u00f3n del sitio oficial de la Responsable legal deber\u00e1 obedecer al contenido de estas condiciones generales y de cualquiera de las disposiciones legales aplicables.<\/p>\n\n\n\n<p>La Responsable legal se reserva el derecho unilateral de denegar el acceso a este sitio web a los usuarios que incumplan estas condiciones de uso y privacidad.<\/p>\n\n\n\n<h2 class=\"wp-block-heading\">Pol\u00edtica de enlaces y exenciones de responsabilidad<\/h2>\n\n\n\n<p>Como Responsable legal de la web declaro que:<\/p>\n\n\n\n<ul class=\"wp-block-list\">\n<li>No nos hacemos responsables del contenido de las p\u00e1ginas web a las que puedas acceder como usuario a trav\u00e9s de los enlaces establecidos en la web. En ning\u00fan caso examinaremos ni ejercitaremos ning\u00fan tipo de control sobre el contenido de otras p\u00e1ginas de la red. <\/li>\n<\/ul>\n\n\n\n<ul class=\"wp-block-list\">\n<li>No garantizamos la disponibilidad t\u00e9cnica, exactitud, veracidad, validez o legalidad de p\u00e1ginas ajenas a nuestra propiedad a las que se pueda acceder a trav\u00e9s de los enlaces.<\/li>\n<\/ul>\n\n\n\n<ul class=\"wp-block-list\">\n<li>Hemos adoptado todas las medidas necesarias para evitar cualquier da\u00f1o que pudiera derivarse de la navegaci\u00f3n por nuestras p\u00e1ginas web. Por este motivo, no nos hacemos responsables, en ning\u00fan caso, de los posibles da\u00f1os que pueda sufrir un usuario debido a la navegaci\u00f3n por Internet.<\/li>\n<\/ul>\n\n\n\n<ul class=\"wp-block-list\">\n<li>No nos responsabilizamos de los da\u00f1os o perjuicios de cualquier clase producidos en el usuario a causa de errores o desconexiones en las redes de telecomunicaciones que produzcan la suspensi\u00f3n, cancelaci\u00f3n o interrupci\u00f3n del servicio de la web durante la prestaci\u00f3n del mismo o con car\u00e1cter previo.<\/li>\n<\/ul>\n\n\n\n<ul class=\"wp-block-list\">\n<li>El acceso a la web no implica la obligaci\u00f3n por parte del Responsable de controlar la ausencia de virus o cualquier otro elemento inform\u00e1tico da\u00f1ino. Corresponde al usuario, en cualquier caso, la disponibilidad de herramientas adecuadas para la detecci\u00f3n y desinfecci\u00f3n de programas inform\u00e1ticos nocivos.<\/li>\n<\/ul>\n\n\n\n<ul class=\"wp-block-list\">\n<li>No nos hacemos responsables de los da\u00f1os producidos en los equipos inform\u00e1ticos, documentos y\/o archivos de los usuarios o de terceros durante la prestaci\u00f3n del servicio en el Portal.<\/li>\n<\/ul>\n\n\n\n<h2 class=\"wp-block-heading\"> Normativa de aplicaci\u00f3n<\/h2>\n\n\n\n<p>La ley aplicable en caso de conflicto de interpretaci\u00f3n de los t\u00e9rminos que forman parte del presente aviso legal, as\u00ed como cualquier cuesti\u00f3n relacionada con los servicios que ofrece este portal, ser\u00e1 la ley espa\u00f1ola.<\/p>\n","protected":false},"excerpt":{"rendered":"<p>Aviso legal En cumplimiento de lo que prev\u00e9 la Ley 34\/2002, de 11 de julio, de Servicios de la Sociedad de la Informaci\u00f3n y de Comercio Electr\u00f3nico (conocida como LSSI), as\u00ed como otras normas que tienen una aplicaci\u00f3n legal, te explicamos como usuario de esta web la siguiente informaci\u00f3n. La p\u00e1gina web http:\/\/www.juditneddermann.com\/, es gestionada [&hellip;]<\/p>\n","protected":false},"author":1,"featured_media":0,"parent":0,"menu_order":0,"comment_status":"closed","ping_status":"closed","template":"","meta":{"_genesis_hide_title":true,"_genesis_hide_breadcrumbs":false,"_genesis_hide_singular_image":false,"_genesis_hide_footer_widgets":false,"_genesis_custom_body_class":"","_genesis_custom_post_class":"","_genesis_layout":"","footnotes":""},"class_list":{"0":"post-951","1":"page","2":"type-page","3":"status-publish","5":"entry"},"featured_image_src":null,"featured_image_src_square":null,"_links":{"self":[{"href":"https:\/\/juditneddermann.com\/shop\/es\/wp-json\/wp\/v2\/pages\/951","targetHints":{"allow":["GET"]}}],"collection":[{"href":"https:\/\/juditneddermann.com\/shop\/es\/wp-json\/wp\/v2\/pages"}],"about":[{"href":"https:\/\/juditneddermann.com\/shop\/es\/wp-json\/wp\/v2\/types\/page"}],"author":[{"embeddable":true,"href":"https:\/\/juditneddermann.com\/shop\/es\/wp-json\/wp\/v2\/users\/1"}],"replies":[{"embeddable":true,"href":"https:\/\/juditneddermann.com\/shop\/es\/wp-json\/wp\/v2\/comments?post=951"}],"version-history":[{"count":2,"href":"https:\/\/juditneddermann.com\/shop\/es\/wp-json\/wp\/v2\/pages\/951\/revisions"}],"predecessor-version":[{"id":953,"href":"https:\/\/juditneddermann.com\/shop\/es\/wp-json\/wp\/v2\/pages\/951\/revisions\/953"}],"wp:attachment":[{"href":"https:\/\/juditneddermann.com\/shop\/es\/wp-json\/wp\/v2\/media?parent=951"}],"curies":[{"name":"wp","href":"https:\/\/api.w.org\/{rel}","templated":true}]}}