{"id":651,"date":"2024-10-28T09:49:18","date_gmt":"2024-10-28T08:49:18","guid":{"rendered":"https:\/\/juditartean.marfernandez.net\/hoy-es-el-mejor-dia\/"},"modified":"2026-02-02T11:01:12","modified_gmt":"2026-02-02T10:01:12","slug":"hoy-es-el-mejor-dia","status":"publish","type":"page","link":"https:\/\/juditneddermann.com\/es\/hoy-es-el-mejor-dia\/","title":{"rendered":"Haz un gesto por la ELA"},"content":{"rendered":"\n<div class=\"wp-block-genesis-blocks-gb-columns gb-layout-columns-1 one-column\"><div class=\"gb-layout-column-wrap gb-block-layout-column-gap-2 gb-is-responsive-column\">\n<div class=\"wp-block-genesis-blocks-gb-column gb-block-layout-column\"><div class=\"gb-block-layout-column-inner\">\n<div style=\"height:60px\" aria-hidden=\"true\" class=\"wp-block-spacer\"><\/div>\n\n\n\n<h1 class=\"wp-block-heading wp-embed-aspect-16-9 wp-has-aspect-ratio\">Hoy es el mejor d\u00eda<\/h1>\n\n\n\n<p class=\"wp-embed-aspect-16-9 wp-has-aspect-ratio\">El 7 de junio de 2024 una canci\u00f3n acompa\u00f1ada de un videoclip titulada \u2018Avui \u00e9s el millor dia\u2019.<br\/><mark style=\"background-color:#e3e3e3\" class=\"has-inline-color has-theme-primary-color\"><strong>La propuesta es que cada escucha vaya ligada a un donativo v\u00eda Bizum al 02621 para la Fundaci\u00f3 Catalana de ELA Miquel Valls.<\/strong><\/mark><\/p>\n\n\n\n<p class=\"wp-embed-aspect-16-9 wp-has-aspect-ratio\">Todo empez\u00f3 con una llamada de la artista NINA, que me propuso si quer\u00eda implicarme con la enfermedad y la fundaci\u00f3n, que se encarga de mejorar la calidad de vida de las personas que padecen ELA.<br\/>Me anim\u00e9 enseguida, conoc\u00ed a la familia Oliveras, que encabezada por Ilde, un luchador incansable y activista, me transmitieron sus vivencias \u00edntimas y familiares desde que supieron el diagn\u00f3stico. A partir de esta complicidad con la familia e inform\u00e1ndome a trav\u00e9s del documental &#8216;Unzu\u00e9, el \u00faltimo equipo de Juancar&#8217; y el posterior coloquio de TV3, empec\u00e9 a trabajar en la letra y la melod\u00eda de la canci\u00f3n, y cog\u00ed como lema (y t\u00edtulo) la frase &#8216;Hoy es el mejor d\u00eda&#8217; y una camisetas impresas con tinta solar que s\u00f3lo son visibles cuando salimos a vivir y que ya llevan meses a la venta en beneficio de la Fundaci\u00f3n en <a href=\"https:\/\/www.avuieselmillordia.org\/es\" target=\"_blank\" rel=\"noreferrer noopener\">AvuiEsElMillorDia.org<\/a> <\/p>\n\n\n\n<p class=\"wp-embed-aspect-16-9 wp-has-aspect-ratio\"><br\/>En la letra tambi\u00e9n aparecen la asociaci\u00f3n <a href=\"https:\/\/swimforela.com\/\" target=\"_blank\" rel=\"noreferrer noopener\">Swim for ELA<\/a> (\u201c\u2026que qui neda per la causa, fa del mar un lloc de pausa\u2026\u201d) y el cuento <a href=\"https:\/\/ca.cuentomanoamiga.org\/\" target=\"_blank\" rel=\"noreferrer noopener\">Mano Amiga<\/a>, dos proyectos que hace tiempo que recaudan dinero para encontrar una cura para la enfermedad.<\/p>\n\n\n\n<p class=\"wp-embed-aspect-16-9 wp-has-aspect-ratio\">Todo empez\u00f3 con una llamada de la artista NINA, que me propuso si quer\u00eda implicarme con la enfermedad y la fundaci\u00f3n, que se encarga de mejorar la calidad de vida de las personas que padecen ELA.<br\/>Musicalmente he vuelto a contar con la producci\u00f3n de Arnau Figueres (coautor de la canci\u00f3n), y los m\u00fasicos habituales con los que trabajo (Isaac Coll en el bajo, Adri Gonz\u00e1lez en los teclados). Esta vez, sin embargo, se ha sumado el coraz\u00f3n gospel Beating Souls, dirigido por Nacho Mel\u00fas, corista habitual de mi proyecto. El coraz\u00f3n se ha implicado tanto en la grabaci\u00f3n de audio como en el videoclip de forma desinteresada, aportando una sonoridad y energ\u00eda \u00fanicas.  <\/p>\n\n\n\n<p class=\"wp-embed-aspect-16-9 wp-has-aspect-ratio\">Para escuchar la canci\u00f3n haz click en el siguiente enlace: <a href=\"https:\/\/musicaglobal.lnk.to\/avui-es-el-millor\" target=\"_blank\" rel=\"noreferrer noopener\">https:\/\/musicaglobal.lnk.to\/avui-es-el-millor<\/a><\/p>\n\n\n<div class=\"wp-block-image\">\n<figure class=\"aligncenter size-large is-resized\"><img loading=\"lazy\" decoding=\"async\" width=\"1024\" height=\"1024\" src=\"https:\/\/juditneddermann.com\/wp-content\/uploads\/2024\/10\/PORTADA_MILLOR_DIA-1024x1024.webp\" alt=\"\" class=\"wp-image-633\" style=\"width:700px\" srcset=\"https:\/\/juditneddermann.com\/wp-content\/uploads\/2024\/10\/PORTADA_MILLOR_DIA-1024x1024.webp 1024w, https:\/\/juditneddermann.com\/wp-content\/uploads\/2024\/10\/PORTADA_MILLOR_DIA-300x300.webp 300w, https:\/\/juditneddermann.com\/wp-content\/uploads\/2024\/10\/PORTADA_MILLOR_DIA-150x150.webp 150w, https:\/\/juditneddermann.com\/wp-content\/uploads\/2024\/10\/PORTADA_MILLOR_DIA-768x768.webp 768w, https:\/\/juditneddermann.com\/wp-content\/uploads\/2024\/10\/PORTADA_MILLOR_DIA-75x75.webp 75w, https:\/\/juditneddermann.com\/wp-content\/uploads\/2024\/10\/PORTADA_MILLOR_DIA-600x600.webp 600w, https:\/\/juditneddermann.com\/wp-content\/uploads\/2024\/10\/PORTADA_MILLOR_DIA.webp 1200w\" sizes=\"auto, (max-width: 1024px) 100vw, 1024px\" \/><\/figure>\n<\/div>\n\n\n<p class=\"wp-embed-aspect-16-9 wp-has-aspect-ratio\">La portada de la canci\u00f3n cuenta con un elemento muy especial y es que las letras del t\u00edtulo las ha escrito Ilde con la poca movilidad que le queda en sus manos. El dise\u00f1o lo ha hecho Guillem Casas\u00fas, con fotograf\u00eda de Eren Saracevic e ilustraci\u00f3n de Anna Berbiela y Asier Belloso. <\/p>\n\n\n\n<p class=\"wp-embed-aspect-16-9 wp-has-aspect-ratio\">Aqu\u00ed puedes ver c\u00f3mo escribe el t\u00edtulo Ildefons Oliveras:<\/p>\n\n\n\n<figure class=\"wp-block-embed is-type-video is-provider-youtube wp-block-embed-youtube wp-embed-aspect-16-9 wp-has-aspect-ratio\"><div class=\"wp-block-embed__wrapper\">\n<iframe loading=\"lazy\" title=\"L&#039;Ilde escriu AVUI \u00c9S EL MILLOR DIA\" width=\"500\" height=\"281\" src=\"https:\/\/www.youtube.com\/embed\/J6KeBwR5XXw?feature=oembed\" frameborder=\"0\" allow=\"accelerometer; autoplay; clipboard-write; encrypted-media; gyroscope; picture-in-picture; web-share\" referrerpolicy=\"strict-origin-when-cross-origin\" allowfullscreen><\/iframe>\n<\/div><\/figure>\n\n\n\n<div style=\"height:30px\" aria-hidden=\"true\" class=\"wp-block-spacer wp-embed-aspect-16-9 wp-has-aspect-ratio\"><\/div>\n\n\n\n<p class=\"wp-embed-aspect-16-9 wp-has-aspect-ratio\">El videoclip ha sido una realidad gracias al trabajo desinteresado del director Albert Cap\u00f3 de Play Your Brand, de los ilustradores Asier Belloso y Anna Berbiela y de un gran n\u00famero de profesionales que han dado su tiempo y talento por la causa. En \u00e9l aparezco yo, el coro y tambi\u00e9n cuatro luchadores que padecen ELA; Siscu Morell, Carina Casanovas, Cueva Joglar y el propio Ildefons Oliveras. Fue rodado el pasado 19 de mayo en Cornell\u00e0 del Terri.  <\/p>\n\n\n\n<p class=\"wp-embed-aspect-16-9 wp-has-aspect-ratio\"><br\/>Todo ello se ha podido llevar a cabo gracias al mecenazgo de \u00c0ngel Peix (a quien conoc\u00ed gracias a la colaboraci\u00f3n del doctor Eduard Estivill) as\u00ed como la empresa Sumoll De Ferr\u00e9 i Catas\u00fas y la empresa frutera Llorens Capdevila.<\/p>\n\n\n\n<p class=\"wp-embed-aspect-16-9 wp-has-aspect-ratio\">Como artista cedo todos los beneficios de la canci\u00f3n a la Fundaci\u00f3n Catalana de ELA Miquel Valls, es por eso que te pido tu colaboraci\u00f3n en la proyecci\u00f3n de este single porque realmente me puede ayudar mucho a que llegue al p\u00fablico y que podamos mejorar entre todos de todas estas personas que luchan a diario por tener una vida una m\u00e1s digna.<\/p>\n\n\n<div class=\"wp-block-image\">\n<figure class=\"aligncenter size-large is-resized\"><img loading=\"lazy\" decoding=\"async\" width=\"819\" height=\"1024\" src=\"https:\/\/juditneddermann.com\/wp-content\/uploads\/2024\/10\/Avui-es-el-millor-dia-819x1024.webp\" alt=\"\" class=\"wp-image-630\" style=\"width:700px\" srcset=\"https:\/\/juditneddermann.com\/wp-content\/uploads\/2024\/10\/Avui-es-el-millor-dia-819x1024.webp 819w, https:\/\/juditneddermann.com\/wp-content\/uploads\/2024\/10\/Avui-es-el-millor-dia-240x300.webp 240w, https:\/\/juditneddermann.com\/wp-content\/uploads\/2024\/10\/Avui-es-el-millor-dia-768x961.webp 768w, https:\/\/juditneddermann.com\/wp-content\/uploads\/2024\/10\/Avui-es-el-millor-dia-1228x1536.webp 1228w, https:\/\/juditneddermann.com\/wp-content\/uploads\/2024\/10\/Avui-es-el-millor-dia.webp 1279w\" sizes=\"auto, (max-width: 819px) 100vw, 819px\" \/><\/figure>\n<\/div><\/div><\/div>\n<\/div><\/div>\n","protected":false},"excerpt":{"rendered":"","protected":false},"author":1,"featured_media":0,"parent":0,"menu_order":0,"comment_status":"closed","ping_status":"closed","template":"","meta":{"_genesis_hide_title":true,"_genesis_hide_breadcrumbs":false,"_genesis_hide_singular_image":false,"_genesis_hide_footer_widgets":false,"_genesis_custom_body_class":"","_genesis_custom_post_class":"","_genesis_layout":"","footnotes":""},"class_list":{"0":"post-651","1":"page","2":"type-page","3":"status-publish","5":"entry"},"featured_image_src":null,"featured_image_src_square":null,"_links":{"self":[{"href":"https:\/\/juditneddermann.com\/es\/wp-json\/wp\/v2\/pages\/651","targetHints":{"allow":["GET"]}}],"collection":[{"href":"https:\/\/juditneddermann.com\/es\/wp-json\/wp\/v2\/pages"}],"about":[{"href":"https:\/\/juditneddermann.com\/es\/wp-json\/wp\/v2\/types\/page"}],"author":[{"embeddable":true,"href":"https:\/\/juditneddermann.com\/es\/wp-json\/wp\/v2\/users\/1"}],"replies":[{"embeddable":true,"href":"https:\/\/juditneddermann.com\/es\/wp-json\/wp\/v2\/comments?post=651"}],"version-history":[{"count":10,"href":"https:\/\/juditneddermann.com\/es\/wp-json\/wp\/v2\/pages\/651\/revisions"}],"predecessor-version":[{"id":1412,"href":"https:\/\/juditneddermann.com\/es\/wp-json\/wp\/v2\/pages\/651\/revisions\/1412"}],"wp:attachment":[{"href":"https:\/\/juditneddermann.com\/es\/wp-json\/wp\/v2\/media?parent=651"}],"curies":[{"name":"wp","href":"https:\/\/api.w.org\/{rel}","templated":true}]}}