{"id":622,"date":"2024-10-28T09:27:42","date_gmt":"2024-10-28T08:27:42","guid":{"rendered":"https:\/\/juditartean.marfernandez.net\/politica-de-cookies\/"},"modified":"2024-10-28T09:38:54","modified_gmt":"2024-10-28T08:38:54","slug":"politica-de-cookies","status":"publish","type":"page","link":"https:\/\/juditneddermann.com\/es\/politica-de-cookies\/","title":{"rendered":"Politica de cookies"},"content":{"rendered":"\n<div class=\"wp-block-genesis-blocks-gb-columns petita-politica gb-layout-columns-2 gb-2-col-wideleft alignfull\"><div class=\"gb-layout-column-wrap gb-block-layout-column-gap-0 gb-is-responsive-column\">\n<div class=\"wp-block-genesis-blocks-gb-column gb-block-layout-column\"><div class=\"gb-block-layout-column-inner\">\n<figure class=\"wp-block-image size-large imatge-petita\"><img loading=\"lazy\" decoding=\"async\" width=\"730\" height=\"1024\" src=\"https:\/\/juditneddermann.com\/wordpress\/wordpress\/wp-content\/uploads\/2024\/10\/Foto-portada-ARTEAN-2-730x1024.webp\" alt=\"\" class=\"wp-image-246\" srcset=\"https:\/\/juditneddermann.com\/wp-content\/uploads\/2024\/10\/Foto-portada-ARTEAN-2-730x1024.webp 730w, https:\/\/juditneddermann.com\/wp-content\/uploads\/2024\/10\/Foto-portada-ARTEAN-2-214x300.webp 214w, https:\/\/juditneddermann.com\/wp-content\/uploads\/2024\/10\/Foto-portada-ARTEAN-2-768x1077.webp 768w, https:\/\/juditneddermann.com\/wp-content\/uploads\/2024\/10\/Foto-portada-ARTEAN-2-1095x1536.webp 1095w, https:\/\/juditneddermann.com\/wp-content\/uploads\/2024\/10\/Foto-portada-ARTEAN-2.webp 1460w\" sizes=\"auto, (max-width: 730px) 100vw, 730px\" \/><\/figure>\n<\/div><\/div>\n\n\n\n<div class=\"wp-block-genesis-blocks-gb-column gb-block-layout-column\"><div class=\"gb-block-layout-column-inner\">\n<h2 class=\"wp-block-heading titol-concerts\">Politica de cookies<\/h2>\n\n\n\n<p>Aquesta web utilitza galetes i\/o tecnologies similars que emmagatzemen i recuperen informaci\u00f3 quan navegues per ella. En general aquestes tecnologies poden servir per a finalitats molt diverses, com, per exemple, identificar els usuaris de la web, obtenir informaci\u00f3 sobre els h\u00e0bits de navegaci\u00f3 o personalitzar la forma en qu\u00e8 es mostra el contingut. <\/p>\n\n\n\n<p>Mitjan\u00e7ant l&#8217;acc\u00e9s i \u00fas del web, acceptes que Judit Neddermann Vinaixa pot fer servir les galetes pr\u00f2pies i de tercers, de sessi\u00f3 i permanents, amb finalitats diferents. A continuaci\u00f3, t&#8217;expliquem els usos concrets que fem d&#8217;aquestes tecnologies a la web. <\/p>\n\n\n\n<p><strong>Tipus de galetes <\/strong>(tamb\u00e9 conegudes com a cookies)<br\/>Hi ha diferents tipus de galetes que poden realitzar una o m\u00e9s funcions. A continuaci\u00f3 es presenta una llista dels principals tipus que es poden trobar. <br\/><br\/><strong>T\u00e8cniques.<br\/><\/strong>Permeten al \u2018usuari la navegaci\u00f3 a trav\u00e9s d\u2019una p\u00e0gina web, plataforma o aplicaci\u00f3 i la utilitzaci\u00f3 de les diferents opcions o serveis que existeixin, inclosos aquells que l\u2019editor utilitza per a permetre gesti\u00f3 operativa de la p\u00e0gina web i habilitar les seves funcions i serveis, com, per exemple, controlar el tr\u00e0fic i la comunicaci\u00f3 de dades, identificar la sessi\u00f3&#8230;.<br\/><br\/><strong>De prefer\u00e8ncia o personalitzaci\u00f3<br\/><\/strong>Permeten recordar informaci\u00f3 per a que l\u2019usuari accedeixi al servei amb determinades caracter\u00edstiques que puguin diferenciar la seva experi\u00e8ncia de la resta d\u2019altres usuaris.<br\/><br\/><strong>D\u2019an\u00e0lisis o mesura<br\/><\/strong>Son aquelles que tractades per nosaltres o tercers, permeten quantificar el n\u00famero d\u2019usuaris i aix\u00ed realitzar la mesura i an\u00e0lisis estad\u00edstic de l\u2019\u00fas que en fan els usuaris dels serveis oferts. Per aquest motiu s\u2019analitza la seva navegaci\u00f3 a la p\u00e0gina web amb la finalitat de millorar l\u2019oferta de productes o serveis que li oferim. <br\/><br\/><strong>De publicitat del comportament<br\/><\/strong>Guarden informaci\u00f3 del comportament dels usuaris obtinguda a trav\u00e9s de l\u2019observaci\u00f3 continuada dels seus h\u00e0bits de navegaci\u00f3, el que permet desenvolupar un perfil espec\u00edfic per mostrar publicitat a trav\u00e9s d\u2019aquest.<br\/><br\/><br\/><strong>Les galetes en aquesta web<br\/><\/strong>Les galetes s\u00f3n arxius que els llocs web o les aplicacions instal\u00b7len en el teu navegador o dispositiu (smarphone, table, televisi\u00f3 connectada,&#8230;) durant el seu recorregut per les p\u00e0gines del lloc, i serveixen per emmagatzemar informaci\u00f3 sobre la teva visita.<br\/><br\/>No s&#8217;utilitzen galetes en aquesta web<\/p>\n\n\n\n<p><strong>Configuraci\u00f3 de les galetes<br\/><\/strong>Pots configurar el teu navegador per acceptar o rebutjar per defecte totes les <em>galetes<\/em>, o per rebre un av\u00eds en pantalla de la recepci\u00f3 de cada <em>galeta<\/em> i decidir-ne, en aquest moment, la seva implantaci\u00f3.<br\/><br\/>Si ho desitges, es pot deixar d\u2019acceptar les galetes del navegador. Tots els navegadors actuals permeten canviar la configuraci\u00f3 de les galetes. Aquests ajustaments normalment es troben en les opcions o prefer\u00e8ncies del men\u00fa del navegador.  <br\/><br\/>Els procediments per al bloqueig i eliminaci\u00f3 de les <em>galetes<\/em> poden diferir d\u2019un navegador d\u2019internet a un altre, per la qual cosa l\u2019usuari haur\u00e0 de consultar les instruccions facilitades pel navegador d\u2019internet, com les que es detallen a continuaci\u00f3:<br\/>\u2022 <a href=\"http:\/\/windows.microsoft.com\/es-es\/windows-vista\/block-or-allow-cookies\">Configuraci\u00f3 de <em>cookies<\/em> d\u2019Internet Explorer<br\/>\u2022 <\/a><a href=\"https:\/\/support.mozilla.org\/es\/kb\/habilitar-y-deshabilitar-cookies-que-los-sitios-we\">Configuraci\u00f3 de <em>cookies<\/em> de Firefox<br\/>\u2022 <\/a><a href=\"https:\/\/support.google.com\/chrome\/bin\/answer.py?hl=es&amp;answer=95647\">Configuraci\u00f3 de <em>cookies<\/em> de Google Chrome<br\/>\u2022 <\/a><a href=\"http:\/\/support.apple.com\/kb\/HT1677?viewlocale=es_ES&amp;locale=es_ES\">Configuraci\u00f3 de <em>cookies<\/em> de Safari<br\/><br\/><\/a>Aquests navegadors estan sotmesos a actualitzacions o modificacions, de manera que no podem garantir que s\u2019ajustin completament a la versi\u00f3 del teu navegador.<br\/><br\/><strong>Deshabilitar les galetes<br\/><\/strong>Has de ser conscient que, en cas que desitgis rebutjar la utilitzaci\u00f3 de galetes, pots tenir limitat l&#8217;\u00fas d&#8217;algunes prestacions del web o el comportament de la web pot ser diferent. \u00c9s probable que si es deshabilita l&#8217;\u00fas de les galetes, el web no et deixi accedir a totes les zones del mateix o es degradi la teva experi\u00e8ncia de navegaci\u00f3. <br\/><br\/><strong>Actualitzaci\u00f3 de la Pol\u00edtica de Cookies<br\/><\/strong>Judit Neddermann Vinaixa pot modificar aquesta pol\u00edtica de cookies en funci\u00f3 de les exig\u00e8ncies legislatives, normatives o amb la finalitat d&#8217;adaptar aquesta pol\u00edtica a les instruccions que pugui publicar els organismes reguladors com l\u2019Ag\u00e8ncia Espanyola de Protecci\u00f3 de Dades.<br\/>Per aquest motiu es recomana la consulta peri\u00f2dica d\u2019aquesta pol\u00edtica.<strong>Perfils<\/strong>En aquesta web no es realitzen perfils dels usuaris que la visiteu<br\/><br\/><strong>Transfer\u00e8ncia a pa\u00efsos tercers<br\/><\/strong>Els prove\u00efdors tecnol\u00f2gics de suport a la web poden fer transfer\u00e8ncies a tercers pa\u00efsos.<br\/>Pots informar-te de les transfer\u00e8ncies a tercers pa\u00efsos que, si s&#8217;escau, realitzen els tercers identificats en aquesta pol\u00edtica de cookies en les seves corresponents pol\u00edtiques:<br\/>Google: https:\/\/policies.google.com\/technologies\/cookies?hl=es<br\/><br\/><strong>Si tens m\u00e9s dubtes<br\/><\/strong>Per a qualsevol q\u00fcesti\u00f3 addicional relacionada amb l\u2019\u00fas de <em>les galetes<\/em>, pots enviar la teva petici\u00f3 mitjan\u00e7ant un correu electr\u00f2nic<a href=\"mailto:judined@gmail.com\"><\/a> indicant en la cap\u00e7alera \u201cconsulta respecte la pol\u00edtica de galetes\u201d a:<\/p>\n\n\n\n<p><a href=\"mailto:catalina@asdeguia.cat?subject=\">catalina@asdeguia.cat<\/a><\/p>\n<\/div><\/div>\n<\/div><\/div>\n","protected":false},"excerpt":{"rendered":"","protected":false},"author":1,"featured_media":0,"parent":0,"menu_order":0,"comment_status":"closed","ping_status":"closed","template":"","meta":{"_genesis_hide_title":false,"_genesis_hide_breadcrumbs":false,"_genesis_hide_singular_image":false,"_genesis_hide_footer_widgets":false,"_genesis_custom_body_class":"","_genesis_custom_post_class":"","_genesis_layout":"","footnotes":""},"class_list":{"0":"post-622","1":"page","2":"type-page","3":"status-publish","5":"entry"},"featured_image_src":null,"featured_image_src_square":null,"_links":{"self":[{"href":"https:\/\/juditneddermann.com\/es\/wp-json\/wp\/v2\/pages\/622","targetHints":{"allow":["GET"]}}],"collection":[{"href":"https:\/\/juditneddermann.com\/es\/wp-json\/wp\/v2\/pages"}],"about":[{"href":"https:\/\/juditneddermann.com\/es\/wp-json\/wp\/v2\/types\/page"}],"author":[{"embeddable":true,"href":"https:\/\/juditneddermann.com\/es\/wp-json\/wp\/v2\/users\/1"}],"replies":[{"embeddable":true,"href":"https:\/\/juditneddermann.com\/es\/wp-json\/wp\/v2\/comments?post=622"}],"version-history":[{"count":1,"href":"https:\/\/juditneddermann.com\/es\/wp-json\/wp\/v2\/pages\/622\/revisions"}],"predecessor-version":[{"id":623,"href":"https:\/\/juditneddermann.com\/es\/wp-json\/wp\/v2\/pages\/622\/revisions\/623"}],"wp:attachment":[{"href":"https:\/\/juditneddermann.com\/es\/wp-json\/wp\/v2\/media?parent=622"}],"curies":[{"name":"wp","href":"https:\/\/api.w.org\/{rel}","templated":true}]}}