{"id":373,"date":"2024-10-23T11:44:47","date_gmt":"2024-10-23T09:44:47","guid":{"rendered":"https:\/\/juditartean.marfernandez.net\/biografia\/"},"modified":"2026-01-28T11:49:02","modified_gmt":"2026-01-28T10:49:02","slug":"biografia","status":"publish","type":"page","link":"https:\/\/juditneddermann.com\/es\/biografia\/","title":{"rendered":"Biograf\u00eda"},"content":{"rendered":"\n<div class=\"wp-block-cover foto\"><img loading=\"lazy\" decoding=\"async\" width=\"623\" height=\"1024\" class=\"wp-block-cover__image-background wp-image-1327 size-large\" alt=\"\" src=\"https:\/\/juditneddermann.com\/wp-content\/uploads\/2026\/01\/JuditNeddermann-623x1024.webp\" data-object-fit=\"cover\" srcset=\"https:\/\/juditneddermann.com\/wp-content\/uploads\/2026\/01\/JuditNeddermann-623x1024.webp 623w, https:\/\/juditneddermann.com\/wp-content\/uploads\/2026\/01\/JuditNeddermann-183x300.webp 183w, https:\/\/juditneddermann.com\/wp-content\/uploads\/2026\/01\/JuditNeddermann.webp 730w\" sizes=\"auto, (max-width: 623px) 100vw, 623px\" \/><span aria-hidden=\"true\" class=\"wp-block-cover__background has-background-dim-0 has-background-dim\" style=\"background-color:#676851\"><\/span><div class=\"wp-block-cover__inner-container is-layout-constrained wp-block-cover-is-layout-constrained\">\n<p class=\"has-text-align-center has-large-font-size\"><\/p>\n<\/div><\/div>\n\n<div class=\"wp-block-genesis-blocks-gb-columns petita gb-layout-columns-2 gb-2-col-wideleft alignfull\"><div class=\"gb-layout-column-wrap gb-block-layout-column-gap-2 gb-is-responsive-column\">\n<div class=\"wp-block-genesis-blocks-gb-column gb-block-layout-column\"><div class=\"gb-block-layout-column-inner\">\n<p><\/p>\n<\/div><\/div>\n\n\n\n<div class=\"wp-block-genesis-blocks-gb-column text gb-block-layout-column\"><div class=\"gb-block-layout-column-inner\" style=\"padding-right:50px\">\n<div style=\"height:180px\" aria-hidden=\"true\" class=\"wp-block-spacer espai-superior\"><\/div>\n\n\n\n<h2 class=\"wp-block-heading\">BIOGRAF\u00edA<\/h2>\n\n\n\n<p>Cantante y compositora, cuenta con seis discos publicados en solitario, un EP colaborativo en catal\u00e1n y euskera, varios sencillos y un disco de villancicos con su hermana Meritxell Neddermann. <br\/><br\/>Ha grabado con artistas como Joan Manuel Serrat, Alejandro Sanz, Noa, Pedro Guerra o Maro y ha compartido escenario con Jorge Drexler, Andr\u00e9s Su\u00e1rez, Rozal\u00e9n, Miguel Poveda, Ismael Serrano y muchos m\u00e1s.<br\/>\u200d<br\/>Ha compuesto la m\u00fasica de dos obras de teatro; la adaptaci\u00f3n teatral a cargo de M\u00e0rius Serra de &#8216;Tirant lo Blanc&#8217;, dirigida por Joan Arqu\u00e9, y tambi\u00e9n la obra &#8216;Canto yo y la monta\u00f1a baila&#8217;, pieza teatral basada en la novela hom\u00f3nima de Irene Sol\u00e0, tambi\u00e9n dirigida por Joan Arqu\u00e9 y Guillem Alb\u00e0.<\/p>\n\n\n\n<p>Durante diez a\u00f1os fue la cantante de The Gramophone Allstars. Tambi\u00e9n traz\u00f3 una larga y estrecha colaboraci\u00f3n con la pianista Clara Peya, y llev\u00f3 a cabo el proyecto conjunto con el Quartet Brossa &#8216;Viatge d&#8217;hivern&#8217;. Durante tres a\u00f1os cant\u00f3 en la orquesta de percusi\u00f3n ib\u00e9rica Coetus.<br\/>\u200d<br\/>Ha sido galardonada con un Premio Max, un Premio Butaca, un Premio ARC, un Premio Altaveu, dos premios Enderrock, el Premio Miquel Mart\u00ed i Pol y un Premio Descobertes.<\/p>\n\n\n\n<p>Curs\u00f3 el Grado Superior de Jazz y M\u00fasica Moderna en la ESEM Taller de M\u00fasics y estudi\u00f3 dos a\u00f1os de guitarra cl\u00e1sica en el Conservatorio Municipal de M\u00fasica del Bruc. Sus inicios fueron en el Aula de M\u00fasica de Vilassar de Mar. <br\/><br\/>Naci\u00f3 el 27 de marzo de 1991 en una familia de m\u00fasicos.<\/p>\n\n\n\n<div style=\"height:400px\" aria-hidden=\"true\" class=\"wp-block-spacer espai-inferior\"><\/div>\n<\/div><\/div>\n<\/div><\/div>\n","protected":false},"excerpt":{"rendered":"","protected":false},"author":1,"featured_media":0,"parent":0,"menu_order":0,"comment_status":"closed","ping_status":"closed","template":"","meta":{"_genesis_hide_title":true,"_genesis_hide_breadcrumbs":false,"_genesis_hide_singular_image":false,"_genesis_hide_footer_widgets":false,"_genesis_custom_body_class":"","_genesis_custom_post_class":"","_genesis_layout":"","footnotes":""},"class_list":{"0":"post-373","1":"page","2":"type-page","3":"status-publish","5":"entry"},"featured_image_src":null,"featured_image_src_square":null,"_links":{"self":[{"href":"https:\/\/juditneddermann.com\/es\/wp-json\/wp\/v2\/pages\/373","targetHints":{"allow":["GET"]}}],"collection":[{"href":"https:\/\/juditneddermann.com\/es\/wp-json\/wp\/v2\/pages"}],"about":[{"href":"https:\/\/juditneddermann.com\/es\/wp-json\/wp\/v2\/types\/page"}],"author":[{"embeddable":true,"href":"https:\/\/juditneddermann.com\/es\/wp-json\/wp\/v2\/users\/1"}],"replies":[{"embeddable":true,"href":"https:\/\/juditneddermann.com\/es\/wp-json\/wp\/v2\/comments?post=373"}],"version-history":[{"count":24,"href":"https:\/\/juditneddermann.com\/es\/wp-json\/wp\/v2\/pages\/373\/revisions"}],"predecessor-version":[{"id":1335,"href":"https:\/\/juditneddermann.com\/es\/wp-json\/wp\/v2\/pages\/373\/revisions\/1335"}],"wp:attachment":[{"href":"https:\/\/juditneddermann.com\/es\/wp-json\/wp\/v2\/media?parent=373"}],"curies":[{"name":"wp","href":"https:\/\/api.w.org\/{rel}","templated":true}]}}