{"id":653,"date":"2024-10-28T09:49:18","date_gmt":"2024-10-28T08:49:18","guid":{"rendered":"https:\/\/juditartean.marfernandez.net\/hoy-es-el-mejor-dia\/"},"modified":"2026-02-02T11:01:13","modified_gmt":"2026-02-02T10:01:13","slug":"hoy-es-el-mejor-dia","status":"publish","type":"page","link":"https:\/\/juditneddermann.com\/en\/hoy-es-el-mejor-dia\/","title":{"rendered":"ALS"},"content":{"rendered":"\n<div class=\"wp-block-genesis-blocks-gb-columns gb-layout-columns-1 one-column\"><div class=\"gb-layout-column-wrap gb-block-layout-column-gap-2 gb-is-responsive-column\">\n<div class=\"wp-block-genesis-blocks-gb-column gb-block-layout-column\"><div class=\"gb-block-layout-column-inner\">\n<div style=\"height:60px\" aria-hidden=\"true\" class=\"wp-block-spacer\"><\/div>\n\n\n\n<h1 class=\"wp-block-heading wp-embed-aspect-16-9 wp-has-aspect-ratio\">Hoy es el mejor d\u00eda<\/h1>\n\n\n\n<p class=\"wp-embed-aspect-16-9 wp-has-aspect-ratio\">On June 7, 2024, I released a song and its musical video titled &#8216;Avui \u00e9s el millor dia&#8217; that means \u00a1Today is the best day&#8217;.<br\/><mark style=\"background-color:#e3e3e3\" class=\"has-inline-color has-theme-primary-color\"><strong>The proposal is that each stream\/view will be linked to a donation via Bizum at 02621 to the Fundaci\u00f3 Catalana d&#8217;ELA Miquel Valls.<\/strong><\/mark><\/p>\n\n\n\n<p class=\"wp-embed-aspect-16-9 wp-has-aspect-ratio\">It all started with a call from the artist NINA, who asked me if I wanted to get involved with the disease and the foundation, which is responsible for improving the quality of life of people suffering from ALS.<br\/>I was immediately inspired, I met the Oliveras family, who, led by Ilde, a tireless fighter and activist, shared with me their intimate and family experiences since they learned of the diagnosis. Based on this complicity with the family and informed through the documentary \u2018Unzu\u00e9, l\u2019\u00faltim equip del Juancar\u2019 and the subsequent TV3 colloquium, I began working on the lyrics and melody of the song, and I took as my motto (and title) the phrase \u2018Avui \u00e9s el millor dia\u2019, a phrase that Ilde repeats every day and which has also ended up being the phrase on some T-shirts printed with solar ink that are only visible when we go out and that have been on sale for months now in aid of the Foundation at <a href=\"https:\/\/www.avuieselmillordia.org\/es\" target=\"_blank\" rel=\"noreferrer noopener\">AvuiEsElMillorDia.org<\/a><br\/><br\/> <\/p>\n\n\n\n<p class=\"wp-embed-aspect-16-9 wp-has-aspect-ratio\">The lyrics also mention the <a href=\"https:\/\/swimforela.com\/\" target=\"_blank\" rel=\"noreferrer noopener\">Swim for ELA<\/a> association (\u201c\u2026que qui neda per la causa, fa del mar un lloc de pausa\u2026\u201d) and the<a href=\"https:\/\/ca.cuentomanoamiga.org\/\" target=\"_blank\" rel=\"noreferrer noopener\"> M\u00e0 Amiga<\/a> story, two projects that have long been raising money to find a cure for the disease.<\/p>\n\n\n\n<p class=\"wp-embed-aspect-16-9 wp-has-aspect-ratio\">Musically, I have once again relied on the production of Arnau Figueres (co-author of the song), and the usual musicians I work with (Isaac Coll on bass, Adri Gonz\u00e1lez on keyboards). This time the Beating Souls gospel choir, directed by Nacho Mel\u00fas, a regular choir member of my project, has also joined. The choir has involved both the recording of the audio and the video clip in a selfless way, providing unique sound and energy.<\/p>\n\n\n\n<p class=\"wp-embed-aspect-16-9 wp-has-aspect-ratio\">Here&#8217;s the link if you want to listen to the song: <a href=\"https:\/\/musicaglobal.lnk.to\/avui-es-el-millor\" target=\"_blank\" rel=\"noreferrer noopener\">https:\/\/musicaglobal.lnk.to\/avui-es-el-millor<\/a><\/p>\n\n\n<div class=\"wp-block-image\">\n<figure class=\"aligncenter size-large is-resized\"><img loading=\"lazy\" decoding=\"async\" width=\"1024\" height=\"1024\" src=\"https:\/\/juditneddermann.com\/wp-content\/uploads\/2024\/10\/PORTADA_MILLOR_DIA-1024x1024.webp\" alt=\"\" class=\"wp-image-633\" style=\"width:700px\" srcset=\"https:\/\/juditneddermann.com\/wp-content\/uploads\/2024\/10\/PORTADA_MILLOR_DIA-1024x1024.webp 1024w, https:\/\/juditneddermann.com\/wp-content\/uploads\/2024\/10\/PORTADA_MILLOR_DIA-300x300.webp 300w, https:\/\/juditneddermann.com\/wp-content\/uploads\/2024\/10\/PORTADA_MILLOR_DIA-150x150.webp 150w, https:\/\/juditneddermann.com\/wp-content\/uploads\/2024\/10\/PORTADA_MILLOR_DIA-768x768.webp 768w, https:\/\/juditneddermann.com\/wp-content\/uploads\/2024\/10\/PORTADA_MILLOR_DIA-75x75.webp 75w, https:\/\/juditneddermann.com\/wp-content\/uploads\/2024\/10\/PORTADA_MILLOR_DIA-600x600.webp 600w, https:\/\/juditneddermann.com\/wp-content\/uploads\/2024\/10\/PORTADA_MILLOR_DIA.webp 1200w\" sizes=\"auto, (max-width: 1024px) 100vw, 1024px\" \/><\/figure>\n<\/div>\n\n\n<p class=\"wp-embed-aspect-16-9 wp-has-aspect-ratio\">The song&#8217;s cover features a very special element: the title was written by Ilde using what little mobility he has left in his hands. The design is by Guillem Casas\u00fas, with photography by Eren Saracevic and illustrations by Anna Berbiela and Asier Belloso.The song&#8217;s cover features a very special element: the title was written by Ilde using what little mobility he has left in his hands. The design is by Guillem Casas\u00fas, with photography by Eren Saracevic and illustrations by Anna Berbiela and Asier Belloso. <\/p>\n\n\n\n<p class=\"wp-embed-aspect-16-9 wp-has-aspect-ratio\">Here you can see how Ildefons Oliveras writes the title:<\/p>\n\n\n\n<figure class=\"wp-block-embed is-type-video is-provider-youtube wp-block-embed-youtube wp-embed-aspect-16-9 wp-has-aspect-ratio\"><div class=\"wp-block-embed__wrapper\">\n<iframe loading=\"lazy\" title=\"L&#039;Ilde escriu AVUI \u00c9S EL MILLOR DIA\" width=\"500\" height=\"281\" src=\"https:\/\/www.youtube.com\/embed\/J6KeBwR5XXw?feature=oembed\" frameborder=\"0\" allow=\"accelerometer; autoplay; clipboard-write; encrypted-media; gyroscope; picture-in-picture; web-share\" referrerpolicy=\"strict-origin-when-cross-origin\" allowfullscreen><\/iframe>\n<\/div><\/figure>\n\n\n\n<div style=\"height:30px\" aria-hidden=\"true\" class=\"wp-block-spacer wp-embed-aspect-16-9 wp-has-aspect-ratio\"><\/div>\n\n\n\n<p class=\"wp-embed-aspect-16-9 wp-has-aspect-ratio\">The music video was made possible thanks to the selfless work of director Albert Cap\u00f3 of Play Your Brand, illustrators Asier Belloso and Anna Berbiela, and a large number of professionals who donated their time and talent to the cause. It features myself, the choir, and four ALS survivors: Siscu Morell, Carina Casanovas, Cueva Joglar, and Ildefons Oliveras himself. It was filmed on May 19th in Cornell\u00e0 del Terri.  <\/p>\n\n\n\n<p class=\"wp-embed-aspect-16-9 wp-has-aspect-ratio\">All of this has been made possible thanks to the patronage of \u00c0ngel Peix (whom I met thanks to the collaboration of Dr. Eduard Estivill) as well as the company Sumoll De Ferr\u00e9 i Catas\u00fas and the fruit company Llorens Capdevila.<\/p>\n\n\n\n<p class=\"wp-embed-aspect-16-9 wp-has-aspect-ratio\">As an artist, I donate all the profits from the song to the Catalan ALS Foundation Miquel Valls. That&#8217;s why I&#8217;m asking for your collaboration in promoting this single, because it can really help me reach the public and allow us all to improve the lives of these people who struggle daily to have a more dignified life.<\/p>\n\n\n<div class=\"wp-block-image\">\n<figure class=\"aligncenter size-large is-resized\"><img loading=\"lazy\" decoding=\"async\" width=\"819\" height=\"1024\" src=\"https:\/\/juditneddermann.com\/wp-content\/uploads\/2024\/10\/Avui-es-el-millor-dia-819x1024.webp\" alt=\"\" class=\"wp-image-630\" style=\"width:700px\" srcset=\"https:\/\/juditneddermann.com\/wp-content\/uploads\/2024\/10\/Avui-es-el-millor-dia-819x1024.webp 819w, https:\/\/juditneddermann.com\/wp-content\/uploads\/2024\/10\/Avui-es-el-millor-dia-240x300.webp 240w, https:\/\/juditneddermann.com\/wp-content\/uploads\/2024\/10\/Avui-es-el-millor-dia-768x961.webp 768w, https:\/\/juditneddermann.com\/wp-content\/uploads\/2024\/10\/Avui-es-el-millor-dia-1228x1536.webp 1228w, https:\/\/juditneddermann.com\/wp-content\/uploads\/2024\/10\/Avui-es-el-millor-dia.webp 1279w\" sizes=\"auto, (max-width: 819px) 100vw, 819px\" \/><\/figure>\n<\/div><\/div><\/div>\n<\/div><\/div>\n","protected":false},"excerpt":{"rendered":"","protected":false},"author":1,"featured_media":0,"parent":0,"menu_order":0,"comment_status":"closed","ping_status":"closed","template":"","meta":{"_genesis_hide_title":true,"_genesis_hide_breadcrumbs":false,"_genesis_hide_singular_image":false,"_genesis_hide_footer_widgets":false,"_genesis_custom_body_class":"","_genesis_custom_post_class":"","_genesis_layout":"","footnotes":""},"class_list":{"0":"post-653","1":"page","2":"type-page","3":"status-publish","5":"entry"},"featured_image_src":null,"featured_image_src_square":null,"_links":{"self":[{"href":"https:\/\/juditneddermann.com\/en\/wp-json\/wp\/v2\/pages\/653","targetHints":{"allow":["GET"]}}],"collection":[{"href":"https:\/\/juditneddermann.com\/en\/wp-json\/wp\/v2\/pages"}],"about":[{"href":"https:\/\/juditneddermann.com\/en\/wp-json\/wp\/v2\/types\/page"}],"author":[{"embeddable":true,"href":"https:\/\/juditneddermann.com\/en\/wp-json\/wp\/v2\/users\/1"}],"replies":[{"embeddable":true,"href":"https:\/\/juditneddermann.com\/en\/wp-json\/wp\/v2\/comments?post=653"}],"version-history":[{"count":15,"href":"https:\/\/juditneddermann.com\/en\/wp-json\/wp\/v2\/pages\/653\/revisions"}],"predecessor-version":[{"id":1418,"href":"https:\/\/juditneddermann.com\/en\/wp-json\/wp\/v2\/pages\/653\/revisions\/1418"}],"wp:attachment":[{"href":"https:\/\/juditneddermann.com\/en\/wp-json\/wp\/v2\/media?parent=653"}],"curies":[{"name":"wp","href":"https:\/\/api.w.org\/{rel}","templated":true}]}}