{"id":624,"date":"2024-10-28T09:09:05","date_gmt":"2024-10-28T08:09:05","guid":{"rendered":"https:\/\/juditartean.marfernandez.net\/privacy-policy\/"},"modified":"2024-10-28T09:36:57","modified_gmt":"2024-10-28T08:36:57","slug":"privacy-policy","status":"publish","type":"page","link":"https:\/\/juditneddermann.com\/en\/privacy-policy\/","title":{"rendered":"Privacy policy"},"content":{"rendered":"\n<div class=\"wp-block-genesis-blocks-gb-columns petita-politica gb-layout-columns-2 gb-2-col-wideleft alignfull\"><div class=\"gb-layout-column-wrap gb-block-layout-column-gap-0 gb-is-responsive-column\">\n<div class=\"wp-block-genesis-blocks-gb-column gb-block-layout-column\"><div class=\"gb-block-layout-column-inner\">\n<figure class=\"wp-block-image size-large imatge-petita\"><img loading=\"lazy\" decoding=\"async\" width=\"730\" height=\"1024\" src=\"https:\/\/juditneddermann.com\/wordpress\/wordpress\/wp-content\/uploads\/2024\/10\/Foto-portada-ARTEAN-2-730x1024.webp\" alt=\"\" class=\"wp-image-246\" srcset=\"https:\/\/juditneddermann.com\/wp-content\/uploads\/2024\/10\/Foto-portada-ARTEAN-2-730x1024.webp 730w, https:\/\/juditneddermann.com\/wp-content\/uploads\/2024\/10\/Foto-portada-ARTEAN-2-214x300.webp 214w, https:\/\/juditneddermann.com\/wp-content\/uploads\/2024\/10\/Foto-portada-ARTEAN-2-768x1077.webp 768w, https:\/\/juditneddermann.com\/wp-content\/uploads\/2024\/10\/Foto-portada-ARTEAN-2-1095x1536.webp 1095w, https:\/\/juditneddermann.com\/wp-content\/uploads\/2024\/10\/Foto-portada-ARTEAN-2.webp 1460w\" sizes=\"auto, (max-width: 730px) 100vw, 730px\" \/><\/figure>\n<\/div><\/div>\n\n\n\n<div class=\"wp-block-genesis-blocks-gb-column gb-block-layout-column\"><div class=\"gb-block-layout-column-inner\">\n<h2 class=\"wp-block-heading titol-concerts\">Privacy policy<\/h2>\n\n\n\n<p>Aquesta \u00e9s la pol\u00edtica de protecci\u00f3 de dades de <strong>Judit Neddermann Vinaixa<\/strong>. Fa refer\u00e8ncia a les dades de persones f\u00edsiques amb les que es relaciona en l\u2019exercici de les seves compet\u00e8ncies i funcions. El tractament s\u2019efectua complint el Reglament General de Protecci\u00f3 de Dades (en endavant RGDP) 2016\/679 del Parlament Europeu i del Consell, de 27 d&#8217;abril de 2016) i la Llei org\u00e0nica 3\/2018, de 5 de de desembre, de protecci\u00f3 de dades personals i garantia dels drets digitals (en endavant LOPD-GDD) i la normativa que es derivi.  <\/p>\n\n\n\n<h3 class=\"wp-block-heading\">Responsable del tractament<\/h3>\n\n\n\n<p>El responsable del tractament de les dades personals \u00e9s <strong>Judit Neddermann Vinaixa<\/strong> que es pot contactar a<\/p>\n\n\n\n<p><a href=\"mailto:catalina@asdeguia.cat?subject=\">catalina@asdeguia.cat<\/a><\/p>\n\n\n\n<h3 class=\"wp-block-heading\">Delegat de protecci\u00f3 de dades<\/h3>\n\n\n\n<p><strong>Judit Neddermann Vinaixa<\/strong> no requereix delegat\/da de protecci\u00f3 de dades.<\/p>\n\n\n\n<h3 class=\"wp-block-heading\">Tractament de les dades, finalitats i legitimaci\u00f3<\/h3>\n\n\n\n<p>A la web de <strong>Judit Neddermann Vinaixa<\/strong> fem els seg\u00fcents tractament de dades personals. Per cada tractament que fem, a continuaci\u00f3 expliquem la seva finalitat i la base legal que ens permet fer-lo. <\/p>\n\n\n\n<figure class=\"wp-block-table\"><table class=\"has-fixed-layout\"><tbody><tr><td><strong>Tractament de dades personals<\/strong><\/td><td><strong>Finalitat del tractament<\/strong><\/td><td><strong>Base legal del tractament de les dades<\/strong><\/td><\/tr><tr><td>Gesti\u00f3 de consultes de la web<br\/>Gesti\u00f3 del butllet\u00ed<br\/>Gesti\u00f3 de l\u2019exercici de drets<\/td><td>Gestionar les dades de contacte per respondre es consultes rebudes via formulari o correu electr\u00f2nic a l\u2019ag\u00e8ncia de management<br\/>Gestionar les dades en una llista per enviar informaci\u00f3 peri\u00f2dica<br\/>Gestionar l\u2019exercici dels drets<\/td><td>Consentiment segons l\u2019article 6.1.a del RGPD<br\/>Consentiment segons l\u2019article 6.1.a del RGPD<br\/>Inter\u00e8s leg\u00edtim per compliment d\u2019una sol\u00b7licitud amb base legal<br\/>No es tracten dades de categoria especial.<\/td><\/tr><\/tbody><\/table><\/figure>\n\n\n\n<h3 class=\"wp-block-heading\">Conservaci\u00f3 de les dades personals<\/h3>\n\n\n\n<p>Les dades personals es conservaran mentre duri la relaci\u00f3 professional i durant el termini m\u00ednim previst per la normativa vigent (per exemple davant reclamacions, per temes fiscals i comptables o la prevenci\u00f3 de blanqueig de capitals).<\/p>\n\n\n\n<h3 class=\"wp-block-heading\">Informaci\u00f3 a l\u2019interessat<\/h3>\n\n\n\n<p>En cas de ser necessari el consentiment de l&#8217;interessat per al tractament de dades, aquest ser\u00e0 recaptat de manera expl\u00edcita, precisa i inequ\u00edvoca, mitjan\u00e7ant una clara acci\u00f3 informativa, tenint dret l&#8217;interessat a retirar el seu consentiment en qualsevol moment. La retirada del consentiment no afectar\u00e0 la licitud del tractament basada en el consentiment previ a la seva retirada.  <br\/>En qualsevol cas, en el moment en que es demanen les dades, l&#8217;interessat\/da ser\u00e0 informat de l&#8217;activitat de tractament per a la qual es recullen les seves dades, mitjan\u00e7ant una informaci\u00f3 b\u00e0sica i resumida.<\/p>\n\n\n\n<h3 class=\"wp-block-heading\">Destinataris o categories de destinataris de les dades.<\/h3>\n\n\n\n<p>Les dades recollides directament per <strong>Judit Neddermann Vinaixa<\/strong> no est\u00e0 previst cedir-les a tercers. <br\/>Utilitza encarregats amb categoria de prove\u00efdors de tecnologia i d\u2019ag\u00e8ncia de management per a facilitar la contractaci\u00f3.<br\/>Per a la Gesti\u00f3 de la venda d\u2019entrades, s\u2019ofereix un enlla\u00e7 a la web del teatre o organitzador que ha contractat l&#8217;espectacle.<br\/>La infraestructura tecnol\u00f2gica associada a la web s\u2019ha estructurat de la seg\u00fcent forma. <br\/>\u2022 La web est\u00e0 hostatjada en el prove\u00efdor CD MON, www.cdmon.com\/es\/, i els servidors estan a la Uni\u00f3 Europea<br\/>\u2022 El correu i el formulari d\u2019inscripci\u00f3 al butllet\u00ed es gestiona a trav\u00e9s de google, que t\u00e9 servidors en tot el m\u00f3n. Els servidors que estan fora la Uni\u00f3 Europa utilitzen cl\u00e0usules contractuals tipus previstes en el RGDP.  <a href=\"https:\/\/privacy.google.com\/intl\/es\/businesses\/compliance\/\">https:\/\/privacy.google.com\/intl\/es\/businesses\/compliance\/<\/a><\/p>\n\n\n\n<h3 class=\"wp-block-heading\">Transfer\u00e8ncia de dades a un tercer pa\u00eds o a una organitzaci\u00f3 internacional i la base per fer-ho, si escau.<\/h3>\n\n\n\n<p>Com a Responsable, no es realitzen transfer\u00e8ncies internacionals de dades, per\u00f2 alguns dels prove\u00efdors de la infraestructura fan transfer\u00e8ncies internacionals de dades per\u00f2 amb seguretat equivalent segons el RGPD.<br\/>Google, t\u00e9 servidors en tot el m\u00f3n. Els servidors que estan fora la Uni\u00f3 Europa utilitzen cl\u00e0usules contractuals tipus previstes en el RGDP.  <a href=\"https:\/\/privacy.google.com\/intl\/es\/businesses\/compliance\/\">https:\/\/privacy.google.com\/intl\/es\/businesses\/compliance\/<\/a><\/p>\n\n\n\n<h3 class=\"wp-block-heading\">Drets<\/h3>\n\n\n\n<p>Els drets d\u2019un usuari\/a de la web s\u00f3n els seg\u00fcents:<br\/>\u2022 Qualsevol persona t\u00e9 dret a obtenir confirmaci\u00f3 sobre si <strong>Judit Neddermann Vinaixa<\/strong> esta tractant dades personals que l\u2019incumbeix, o no. <br\/>\u2022 Les persones interessades tenen dret a accedir a les seves dades personals, aix\u00ed com a sol\u00b7licitar la rectificaci\u00f3 de les dades inexactes o, si escau, sol\u00b7licitar-ne la supressi\u00f3, entre altres motius, quan les dades ja no siguin necess\u00e0ries per a les finalitats per a les quals es van recollir. <br\/>\u2022 En determinades circumst\u00e0ncies previstes a l&#8217;article 18 del RGPD, els interessats poden sol\u00b7licitar la limitaci\u00f3 del tractament de les seves dades. En aquest cas, \u00fanicament les conservarem per exercir o defensar reclamacions. <br\/>\u2022 En virtut del dret a la portabilitat, els interessats tenen dret a obtenir les seves dades personals en un format estructurat d&#8217;\u00fas com\u00fa i lectura mec\u00e0nica i a transmetre&#8217;ls a un altre responsable. <br\/>\u2022 Tamb\u00e9 dret a retirar el consentiment en qualsevol moment<br\/>\u2022 Si la comunicaci\u00f3 de dades \u00e9s un requisit legal o contractual o un requisit necessari per subscriure un contracte, i si l\u2019interessat est\u00e0 obligat a facilitar les dades i les conseq\u00fc\u00e8ncies de no facilitar-les. <\/p>\n\n\n\n<h3 class=\"wp-block-heading\">Com podeu exercir els drets?<\/h3>\n\n\n\n<p>Mitjan\u00e7ant un correu electr\u00f2nic ones detalli la consulta, el nom i cognoms de l\u2019interessat a <a href=\"mailto:catalina@asdeguia.cat\">catalina@asdeguia.cat<\/a><\/p>\n\n\n\n<h3 class=\"wp-block-heading\">Quines vies de reclamaci\u00f3 hi ha?<\/h3>\n\n\n\n<p>Si considereu que els vostres drets no s\u2019han at\u00e8s adequadament, teniu dret a presentar una reclamaci\u00f3 davant l\u2019Agencia Espanyola de Protecci\u00f3 de Dades, AEPD, <a href=\"http:\/\/www.aepd.es\/\">www.aepd.es<\/a>, o l\u2019Ag\u00e8ncia Catalana de Protecci\u00f3 de Dades, <a href=\"https:\/\/apdcat.gencat.cat\/\">https:\/\/apdcat.gencat.cat\/<\/a><\/p>\n<\/div><\/div>\n<\/div><\/div>\n","protected":false},"excerpt":{"rendered":"","protected":false},"author":1,"featured_media":0,"parent":0,"menu_order":0,"comment_status":"closed","ping_status":"closed","template":"","meta":{"_genesis_hide_title":false,"_genesis_hide_breadcrumbs":false,"_genesis_hide_singular_image":false,"_genesis_hide_footer_widgets":false,"_genesis_custom_body_class":"","_genesis_custom_post_class":"","_genesis_layout":"","footnotes":""},"class_list":{"0":"post-624","1":"page","2":"type-page","3":"status-publish","5":"entry"},"featured_image_src":null,"featured_image_src_square":null,"_links":{"self":[{"href":"https:\/\/juditneddermann.com\/en\/wp-json\/wp\/v2\/pages\/624","targetHints":{"allow":["GET"]}}],"collection":[{"href":"https:\/\/juditneddermann.com\/en\/wp-json\/wp\/v2\/pages"}],"about":[{"href":"https:\/\/juditneddermann.com\/en\/wp-json\/wp\/v2\/types\/page"}],"author":[{"embeddable":true,"href":"https:\/\/juditneddermann.com\/en\/wp-json\/wp\/v2\/users\/1"}],"replies":[{"embeddable":true,"href":"https:\/\/juditneddermann.com\/en\/wp-json\/wp\/v2\/comments?post=624"}],"version-history":[{"count":1,"href":"https:\/\/juditneddermann.com\/en\/wp-json\/wp\/v2\/pages\/624\/revisions"}],"predecessor-version":[{"id":625,"href":"https:\/\/juditneddermann.com\/en\/wp-json\/wp\/v2\/pages\/624\/revisions\/625"}],"wp:attachment":[{"href":"https:\/\/juditneddermann.com\/en\/wp-json\/wp\/v2\/media?parent=624"}],"curies":[{"name":"wp","href":"https:\/\/api.w.org\/{rel}","templated":true}]}}