{"id":362,"date":"2024-10-23T11:44:47","date_gmt":"2024-10-23T09:44:47","guid":{"rendered":"https:\/\/juditartean.marfernandez.net\/biography\/"},"modified":"2026-01-28T11:49:02","modified_gmt":"2026-01-28T10:49:02","slug":"biography","status":"publish","type":"page","link":"https:\/\/juditneddermann.com\/en\/biography\/","title":{"rendered":"BIOGRAPHY"},"content":{"rendered":"\n<div class=\"wp-block-cover foto\"><img loading=\"lazy\" decoding=\"async\" width=\"623\" height=\"1024\" class=\"wp-block-cover__image-background wp-image-1327 size-large\" alt=\"\" src=\"https:\/\/juditneddermann.com\/wp-content\/uploads\/2026\/01\/JuditNeddermann-623x1024.webp\" data-object-fit=\"cover\" srcset=\"https:\/\/juditneddermann.com\/wp-content\/uploads\/2026\/01\/JuditNeddermann-623x1024.webp 623w, https:\/\/juditneddermann.com\/wp-content\/uploads\/2026\/01\/JuditNeddermann-183x300.webp 183w, https:\/\/juditneddermann.com\/wp-content\/uploads\/2026\/01\/JuditNeddermann.webp 730w\" sizes=\"auto, (max-width: 623px) 100vw, 623px\" \/><span aria-hidden=\"true\" class=\"wp-block-cover__background has-background-dim-0 has-background-dim\" style=\"background-color:#676851\"><\/span><div class=\"wp-block-cover__inner-container is-layout-constrained wp-block-cover-is-layout-constrained\">\n<p class=\"has-text-align-center has-large-font-size\"><\/p>\n<\/div><\/div>\n\n<div class=\"wp-block-genesis-blocks-gb-columns petita gb-layout-columns-2 gb-2-col-wideleft alignfull\"><div class=\"gb-layout-column-wrap gb-block-layout-column-gap-2 gb-is-responsive-column\">\n<div class=\"wp-block-genesis-blocks-gb-column gb-block-layout-column\"><div class=\"gb-block-layout-column-inner\">\n<p><\/p>\n<\/div><\/div>\n\n\n\n<div class=\"wp-block-genesis-blocks-gb-column text gb-block-layout-column\"><div class=\"gb-block-layout-column-inner\" style=\"padding-right:50px\">\n<div style=\"height:180px\" aria-hidden=\"true\" class=\"wp-block-spacer espai-superior\"><\/div>\n\n\n\n<h2 class=\"wp-block-heading\">BIOGRAPHY<\/h2>\n\n\n\n<p>Singer and songwriter, she has released six solo albums, a collaborative EP in Catalan and Basque, several singles, and a Christmas album with her sister Meritxell Neddermann. <br\/><br\/>She has recorded with artists such as Joan Manuel Serrat, Alejandro Sanz, Noa, Pedro Guerra, and Maro, and has shared the stage with Jorge Drexler, Andr\u00e9s Su\u00e1rez, Rozal\u00e9n, Miguel Poveda, Ismael Serrano, and many more.<br\/><br\/>She has composed the music for two theater plays: M\u00e0rius Serra&#8217;s theatrical adaptation of &#8220;Tirant lo Blanc,&#8221; directed by Joan Arqu\u00e9, and also the play &#8220;Canto jo i la muntanya balla&#8221; a play based on the novel of the same name by Irene Sol\u00e0, also directed by Joan Arqu\u00e9 and Guillem Alb\u00e0.<\/p>\n\n\n\n<p>For ten years, she was the singer of The Gramophone Allstars. She also developed a long and close collaboration with pianist Clara Peya, and carried out the joint project with Quartet Brossa &#8216;Viatge d&#8217;hivern&#8217;. For three years, she sang with the Iberian percussion orchestra Coetus.<br\/>\u200d<br\/>She has been awarded a Max Award, a Butaca Award, an ARC Award, an Altaveu Award, two Enderrock Awards, the Miquel Mart\u00ed i Pol Award, and a Descobertes Award.  <\/p>\n\n\n\n<p>She has been awarded a Max Award, a Butaca Award, an Altaveu Award, two Enderrock Awards, the Miquel Mart\u00ed i Pol Award and a Descobertes Award.<br\/><br\/>He completed the Degree in Jazz and Modern Music at the ESEM Taller de M\u00fasics and studied classical guitar for two years at the Bruc Municipal Music Conservatory. He began his career at the Vilassar de Mar&#8217;s Aula de M\u00fasica.  <br\/><br\/>He was born on March 27, 1991 into a family of musicians.<\/p>\n\n\n\n<div style=\"height:400px\" aria-hidden=\"true\" class=\"wp-block-spacer espai-inferior\"><\/div>\n<\/div><\/div>\n<\/div><\/div>\n","protected":false},"excerpt":{"rendered":"","protected":false},"author":1,"featured_media":0,"parent":0,"menu_order":0,"comment_status":"closed","ping_status":"closed","template":"","meta":{"_genesis_hide_title":true,"_genesis_hide_breadcrumbs":false,"_genesis_hide_singular_image":false,"_genesis_hide_footer_widgets":false,"_genesis_custom_body_class":"","_genesis_custom_post_class":"","_genesis_layout":"","footnotes":""},"class_list":{"0":"post-362","1":"page","2":"type-page","3":"status-publish","5":"entry"},"featured_image_src":null,"featured_image_src_square":null,"_links":{"self":[{"href":"https:\/\/juditneddermann.com\/en\/wp-json\/wp\/v2\/pages\/362","targetHints":{"allow":["GET"]}}],"collection":[{"href":"https:\/\/juditneddermann.com\/en\/wp-json\/wp\/v2\/pages"}],"about":[{"href":"https:\/\/juditneddermann.com\/en\/wp-json\/wp\/v2\/types\/page"}],"author":[{"embeddable":true,"href":"https:\/\/juditneddermann.com\/en\/wp-json\/wp\/v2\/users\/1"}],"replies":[{"embeddable":true,"href":"https:\/\/juditneddermann.com\/en\/wp-json\/wp\/v2\/comments?post=362"}],"version-history":[{"count":15,"href":"https:\/\/juditneddermann.com\/en\/wp-json\/wp\/v2\/pages\/362\/revisions"}],"predecessor-version":[{"id":1334,"href":"https:\/\/juditneddermann.com\/en\/wp-json\/wp\/v2\/pages\/362\/revisions\/1334"}],"wp:attachment":[{"href":"https:\/\/juditneddermann.com\/en\/wp-json\/wp\/v2\/media?parent=362"}],"curies":[{"name":"wp","href":"https:\/\/api.w.org\/{rel}","templated":true}]}}